{"id":336,"date":"2011-02-20T07:19:47","date_gmt":"2011-02-20T06:19:47","guid":{"rendered":"https:\/\/szelkialto.hu\/wordpress\/?page_id=336"},"modified":"2022-12-09T10:57:43","modified_gmt":"2022-12-09T09:57:43","slug":"demo-mc-1983","status":"publish","type":"page","link":"https:\/\/szelkialto.hu\/?page_id=336","title":{"rendered":"DEMO (MC 1983)"},"content":{"rendered":"<p><!--\n\n\n<div style=\"width: 100%; margin-top: 20px;\">\n\n\n<div style=\"width: 50%; text-align: left; float: left;\"><img decoding=\"async\" src=\"images\/demokazi.jpg\" \/><\/div>\n\n\n\n\n<div style=\"width: 50%; text-align: left; float: right;\">\n\n\n<p style=\"font-weight: bold;\">A oldal<\/p>\n\n\n\n\n<ol>\n\t\n\n<li style=\"font-style: italic;\">We\u00f6res S\u00e1ndor: R\u00f3zsa, r\u00f3zsa<\/li>\n\n\n\t\n\n<li style=\"font-style: italic;\">Balassi B\u00e1lint: Celi\u00e1hoz<\/li>\n\n\n\t\n\n<li style=\"font-style: italic;\">We\u00f6res S\u00e1ndor: F\u00fcrdik a Hold...<\/li>\n\n\n\t\n\n<li style=\"font-style: italic;\">J\u00f3zsef Attila: Jutka verse<\/li>\n\n\n\t\n\n<li style=\"font-style: italic;\">P\u00e1link\u00e1s Gy\u00f6rgy: Tartom<\/li>\n\n\n\t\n\n<li style=\"font-style: italic;\">Csorba Gy\u0151z\u0151: Cs\u00f6r\u00f6g a fagyos f\u00f6ld<\/li>\n\n\n\t\n\n<li style=\"font-style: italic;\">We\u00f6res S\u00e1ndor: N\u00e9gyen ballagtunk...<\/li>\n\n\n\t\n\n<li style=\"font-style: italic;\">P\u00e1l J\u00f3zsef: Malacv\u00edgasztal\u00f3<\/li>\n\n\n\t\n\n<li style=\"font-style: italic;\">Tamk\u00f3 Sirat\u00f3 K\u00e1roly: Marabu<\/li>\n\n\n\t\n\n<li style=\"font-style: italic;\">Galambosi L\u00e1szl\u00f3: Gally-t\u00e1nc<\/li>\n\n\n<\/ol>\n\n\n<\/div>\n\n\n\n\n<div style=\"clear: both;\">\u00a0<\/div>\n\n\n\n\n<div style=\"width: 50%; text-align: left; margin-top: 20px; float: left;\">\n\n\n<p>K\u00e9sz\u00edtette: <b>DO &amp; LA St\u00fadi\u00f3<\/b>, P\u00e9cs<\/p>\n\n\n\n\n<p>Hangm\u00e9rn\u00f6k: <b>Dobos L\u00e1szl\u00f3<\/b><\/p>\n\n\n\n\n<p>Zene: <b>Sz\u00e9lki\u00e1lt\u00f3 egy\u00fcttes<\/b><\/p>\n\n\n\n\n<p>K\u00e9sz\u00fclt 1983-ban a <b>P\u00e9csi Tan\u00e1rk\u00e9pz\u0151 F\u0151iskola Koll\u00e9gium\u00e1nak<\/b> st\u00fadi\u00f3j\u00e1ban<\/p>\n\n\n\n\n<p>Kiad\u00f3: <b>DO &amp; LA St\u00fadi\u00f3<\/b>, P\u00e9cs<\/p>\n\n\n<\/div>\n\n\n\n\n<div style=\"width: 50%; text-align: left; float: right;\">\n\n\n<p style=\"font-weight: bold;\">B oldal<\/p>\n\n\n\n\n<ol>\n\t\n\n<li style=\"font-style: italic;\">Ady Endre: Im\u00e1ds\u00e1g h\u00e1bor\u00fa ut\u00e1n (r\u00e9szlet)<\/li>\n\n\n\t\n\n<li style=\"font-style: italic;\">Hervay Gizella: Psalmus<\/li>\n\n\n\t\n\n<li style=\"font-style: italic;\">Radn\u00f3ti Mikl\u00f3s: Keser\u00e9des<\/li>\n\n\n\t\n\n<li style=\"font-style: italic;\">J\u00f3zsef Attila: Azt mondj\u00e1k<\/li>\n\n\n\t\n\n<li style=\"font-style: italic;\">Makay Ida: Csak a hat\u00e1rtalanba<\/li>\n\n\n\t\n\n<li style=\"font-style: italic;\">We\u00f6res S\u00e1ndor:<\/li>\n\n\n\t\n\n<li style=\"font-style: italic;\">Paprikajancsi szeren\u00e1dja<\/li>\n\n\n\t\n\n<li style=\"font-style: italic;\">We\u00f6res S\u00e1ndor: Szeren\u00e1d<\/li>\n\n\n\t\n\n<li style=\"font-style: italic;\">Tamk\u00f3 Sirat\u00f3 K\u00e1roly: T\u00f6rpet\u00e1nc<\/li>\n\n\n\t\n\n<li style=\"font-style: italic;\">We\u00f6res S\u00e1ndor: Rock and roll<\/li>\n\n\n\t\n\n<li style=\"font-style: italic;\">Fenyvesi B\u00e9la: Szelet kiab\u00e1lunk<\/li>\n\n\n<\/ol>\n\n\n<\/div>\n\n\n\n\n<div style=\"clear: both;\">\u00a0<\/div>\n\n\n<\/div>\n\n\n--><\/p>\n","protected":false},"excerpt":{"rendered":"","protected":false},"author":3,"featured_media":0,"parent":6,"menu_order":26,"comment_status":"open","ping_status":"open","template":"","meta":{"footnotes":"","_links_to":"","_links_to_target":""},"class_list":["post-336","page","type-page","status-publish","hentry"],"rttpg_featured_image_url":null,"rttpg_author":{"display_name":"Fenyvesi B\u00e9la","author_link":"https:\/\/szelkialto.hu\/?author=3"},"rttpg_comment":2,"rttpg_category":null,"rttpg_excerpt":null,"_links":{"self":[{"href":"https:\/\/szelkialto.hu\/index.php?rest_route=\/wp\/v2\/pages\/336","targetHints":{"allow":["GET"]}}],"collection":[{"href":"https:\/\/szelkialto.hu\/index.php?rest_route=\/wp\/v2\/pages"}],"about":[{"href":"https:\/\/szelkialto.hu\/index.php?rest_route=\/wp\/v2\/types\/page"}],"author":[{"embeddable":true,"href":"https:\/\/szelkialto.hu\/index.php?rest_route=\/wp\/v2\/users\/3"}],"replies":[{"embeddable":true,"href":"https:\/\/szelkialto.hu\/index.php?rest_route=%2Fwp%2Fv2%2Fcomments&post=336"}],"version-history":[{"count":7,"href":"https:\/\/szelkialto.hu\/index.php?rest_route=\/wp\/v2\/pages\/336\/revisions"}],"predecessor-version":[{"id":5000,"href":"https:\/\/szelkialto.hu\/index.php?rest_route=\/wp\/v2\/pages\/336\/revisions\/5000"}],"up":[{"embeddable":true,"href":"https:\/\/szelkialto.hu\/index.php?rest_route=\/wp\/v2\/pages\/6"}],"wp:attachment":[{"href":"https:\/\/szelkialto.hu\/index.php?rest_route=%2Fwp%2Fv2%2Fmedia&parent=336"}],"curies":[{"name":"wp","href":"https:\/\/api.w.org\/{rel}","templated":true}]}}