{"id":696,"date":"2011-02-23T20:04:26","date_gmt":"2011-02-23T19:04:26","guid":{"rendered":"https:\/\/szelkialto.hu\/wordpress\/?page_id=696"},"modified":"2022-12-07T19:26:57","modified_gmt":"2022-12-07T18:26:57","slug":"periferic-2006-cd","status":"publish","type":"page","link":"https:\/\/szelkialto.hu\/?page_id=696","title":{"rendered":"PERIFERIC (2006 CD)"},"content":{"rendered":"<p><!--\n\n\n<div style=\"width: 100%; margin-top: 10px;\">\n\n\n<div style=\"width: 45%; text-align: left; float: left\">\n<img loading=\"lazy\" decoding=\"async\" src=\"images\/periferic2006.jpg\" width=\"180\" height=\"180\" border=\"1\"\/>\n\n\n<p style=\"margin-top: 20px;\">\n\t\t\tPublished by <b>Gergely B\u00f6sz\u00f6rm\u00e9nyi<\/b><br \/>\n\t\t\t<b>Periferic Records<\/b>,<\/p>\n\n\n\n\n<p>\t\t\tDistributed by <b>Stereo Kft.<\/b>,<br \/>\n\t\t\t1114 H-Budapest,<br \/>\n\t\t\t59 Bart\u00f3k B\u00e9la str.<br \/>\n\t\t\tTel.\/fax: +361-385-6343<br \/>\n\t\t\te-mail:<br \/>\n\t\t\tStereoPeriferic@mail.datanet.hu\n\t\t<\/p>\n\n\n<\/div>\n\n\n\n\n<div style=\"width: 50%; text-align: left; float: right\">\n\n\n<p style=\"font-weight: bold;\">\n\t\t\tTartalomjegyz\u00e9k:\n\t\t<\/p>\n\n\n\n\n<p style=\"font-style: italic;\">\n\t\t\t&nbsp;&nbsp;1. Fl\u00f3t\u00e1s: Libab\u0151r<br \/>\n\t\t\t&nbsp;&nbsp;2. S\u00f6nd\u00f6rg\u0151: Kocovo oro<br \/>\n\t\t\t<span id=\"text-bold\" style=\"color: red; font-style: italic;\">&nbsp;&nbsp;3. Sz\u00e9lki\u00e1lt\u00f3: Vir\u00e1g (M\u00e1rtinak)<\/span><br \/>\n\t\t\t&nbsp;&nbsp;4. Berkesi Alex: 42. zsolt\u00e1r<br \/>\n\t\t\t&nbsp;&nbsp;5. Kerekes egy\u00fcttes: Pimasz<br \/>\n\t\t\t&nbsp;&nbsp;6. T\u00fcnde Iv\u00e1novics, F\u00e1bri G\u00e9za:<br \/>\n\t\t\t<span style=\"margin-left: 20px\">Sz\u0151r sz\u00f6k\u00f6tt a szemembe<\/span><br \/>\n\t\t\t&nbsp;&nbsp;7. Kormor\u00e1n:<br \/>\n\t\t\t<span style=\"margin-left: 20px\">Pokolra mentek a dud\u00e1sok<\/span><br \/>\n\t\t\t&nbsp;&nbsp;8. Transylmania:<br \/>\n\t\t\t<span style=\"margin-left: 20px\">Ha foly\u00f3v\u00edz voln\u00e9k<\/span><br \/>\n\t\t\t<span style=\"margin-left: 20px\">J\u00f6ttem is, mentem is<\/span><br \/>\n\t\t\t&nbsp;&nbsp;9. Szer\u00e9nyi B\u00e9la, K\u00f3ta Judit:<br \/>\n\t\t\t<span style=\"margin-left: 20px\">Mely igen j\u00f3 az \u00dar Istent dics\u00e9rni<\/span><br \/>\n\t\t\t10. Misztr\u00e1l egy\u00fcttes:<br \/>\n\t\t\t<span style=\"margin-left: 20px\">Adj m\u00e1r csendess\u00e9get<\/span><br \/>\n\t\t\t11. Dong\u00f3 egy\u00fcttes: A t\u00e9l hal\u00e1la<br \/>\n\t\t\t12. Reform\u00e1tus k\u00f3rusok: 138. zsolt\u00e1r<br \/>\n\t\t\t<span style=\"margin-left: 20px\">Dics\u00e9r t\u00e9ged teljes sz\u00edvem<\/span>\n\t\t<\/p>\n\n\n\n\n<p style=\"font-weight: bold;\">\n\t\t\tFolk-World-Ethno from Hungary<br \/>\n\t\t\tPeriferic 2006\n\t\t<\/p>\n\n\n\n\n<p>\n\t\t\tTeljes zeneid\u0151: 56:00\n\t\t<\/p>\n\n\n\n\n<p>\n\t\t\tGraphic design and painting by <b>Barcsik G\u00e9za<\/b><br \/>\n\t\t\t<b>Solym\u00e1r St\u00fadi\u00f3<\/b><br \/>\n\t\t\te-mail: solymarstudio@acenet.hu\n\t\t<\/p>\n\n\n<\/div>\n\n\n\n\n<div style=\"clear: both;\"><\/div>\n\n\n<\/div>\n\n\n--><\/p>\n","protected":false},"excerpt":{"rendered":"","protected":false},"author":3,"featured_media":0,"parent":646,"menu_order":9,"comment_status":"open","ping_status":"open","template":"","meta":{"footnotes":"","_links_to":"","_links_to_target":""},"class_list":["post-696","page","type-page","status-publish","hentry"],"rttpg_featured_image_url":null,"rttpg_author":{"display_name":"Fenyvesi B\u00e9la","author_link":"https:\/\/szelkialto.hu\/?author=3"},"rttpg_comment":0,"rttpg_category":null,"rttpg_excerpt":null,"_links":{"self":[{"href":"https:\/\/szelkialto.hu\/index.php?rest_route=\/wp\/v2\/pages\/696","targetHints":{"allow":["GET"]}}],"collection":[{"href":"https:\/\/szelkialto.hu\/index.php?rest_route=\/wp\/v2\/pages"}],"about":[{"href":"https:\/\/szelkialto.hu\/index.php?rest_route=\/wp\/v2\/types\/page"}],"author":[{"embeddable":true,"href":"https:\/\/szelkialto.hu\/index.php?rest_route=\/wp\/v2\/users\/3"}],"replies":[{"embeddable":true,"href":"https:\/\/szelkialto.hu\/index.php?rest_route=%2Fwp%2Fv2%2Fcomments&post=696"}],"version-history":[{"count":4,"href":"https:\/\/szelkialto.hu\/index.php?rest_route=\/wp\/v2\/pages\/696\/revisions"}],"predecessor-version":[{"id":4778,"href":"https:\/\/szelkialto.hu\/index.php?rest_route=\/wp\/v2\/pages\/696\/revisions\/4778"}],"up":[{"embeddable":true,"href":"https:\/\/szelkialto.hu\/index.php?rest_route=\/wp\/v2\/pages\/646"}],"wp:attachment":[{"href":"https:\/\/szelkialto.hu\/index.php?rest_route=%2Fwp%2Fv2%2Fmedia&parent=696"}],"curies":[{"name":"wp","href":"https:\/\/api.w.org\/{rel}","templated":true}]}}