{"id":731,"date":"2011-02-23T21:19:44","date_gmt":"2011-02-23T20:19:44","guid":{"rendered":"https:\/\/szelkialto.hu\/wordpress\/?page_id=731"},"modified":"2022-12-07T19:15:56","modified_gmt":"2022-12-07T18:15:56","slug":"elso-daloskonyvem-cd-2000","status":"publish","type":"page","link":"https:\/\/szelkialto.hu\/?page_id=731","title":{"rendered":"ELS\u0150 DALOSK\u00d6NYVEM (CD 2000)"},"content":{"rendered":"<p><!--\n\n\n<div style=\"width: 100%; margin-top: 10px;\">\n\n\n<div style=\"width: 45%; text-align: left; float: left\">\n<img loading=\"lazy\" decoding=\"async\" src=\"images\/elso_daloskonyvem.jpg\" width=\"180\" height=\"180\" border=\"1\"\/>\n\n\n<p style=\"margin-top: 20px;\">\n\t\t\t<b>Ap\u00e1czai Kiad\u00f3, Celld\u00f6m\u00f6lk<\/b>\n\t\t<\/p>\n\n\n\n\n<p>\n\t\t\tZenei szerkeszt\u0151: <b>Sch\u00f3ber Tam\u00e1s<\/b>,<br \/>\n\t\t\tHangfelv\u00e9telek: <b>do-l\u00e1 St\u00fadi\u00f3<\/b>,<br \/>\n\t\t\tHangm\u00e9rn\u00f6k, zenei rendez\u0151: <b>Dobos L\u00e1szl\u00f3<\/b>,\n\t\t<\/p>\n\n\n<\/div>\n\n\n\n\n<div style=\"width: 50%; text-align: left; float: right\">\n\n\n<p style=\"font-weight: bold;\">\n\t\t\tTartalomjegyz\u00e9k:\n\t\t<\/p>\n\n\n\n\n<p style=\"font-style: italic;\">\n\t\t\t1-37. Els\u0151 oszt\u00e1lyos dalok<br \/>\n\t\t\t38-39. Az utca hangjai<br \/>\n\t\t\t40. A temp\u00f3v\u00e1lt\u00e1ssal j\u00e1r\u00f3<br \/>\n\t\t\t<span style=\"margin-left: 20px\">hangjelens\u00e9gek<\/span><br \/>\n\t\t\t41. K\u00fcl\u00f6nleges hanghat\u00e1sok<br \/>\n\t\t\t<span style=\"margin-left: 20px\">megfigyel\u00e9se<\/span><br \/>\n\t\t\t42-43. J\u00e1rm\u0171vek, g\u00e9pek hangjai<br \/>\n\t\t\t44. Mozdony a zen\u00e9ben<br \/>\n\t\t\t<span id=\"text-bold\" style=\"color: red; font-style: italic; font-weight: bold;\">45. Lakner Tam\u00e1s - We\u00f6res S\u00e1ndor:<br \/>\n\t\t\t<span style=\"margin-left: 20px\">R\u00e9ti csiga (r\u00e9szlet)<\/span><\/span><br \/>\n\t\t\t46-51 \u00c1llathangok a zen\u00e9ben<br \/>\n\t\t\t52. Mennyb\u0151l az angyal<br \/>\n\t\t\t53. A kis J\u00e9zus megsz\u00fcletett...<br \/>\n\t\t\t54-60. Szergej Prokofjev:<br \/>\n\t\t\t<span style=\"margin-left: 20px\">P\u00e9ter \u00e9s a farkas (r\u00e9szletek)<\/span><br \/>\n\t\t\t61-64. A lak\u00e1s, az otthon hangjai<br \/>\n\t\t\t65. Kod\u00e1ly Zolt\u00e1n: Esti dal<br \/>\n\t\t\t66. C. Debussy: Gyermekkuck\u00f3<br \/>\n\t\t\t<span style=\"margin-left: 20px\">Az elef\u00e1nt b\u00f6lcs\u0151dala (r\u00e9szlet)<\/span><br \/>\n\t\t\t<span id=\"text-bold\" style=\"color: red; font-style: italic; font-weight: bold;\">67. Kereszt\u00e9ny B\u00e9la - We\u00f6res S\u00e1ndor:<br \/>\n\t\t\t<span style=\"margin-left: 20px\">T\u00e1ncol a Hold (r\u00e9szlet)<\/span><\/span><br \/>\n\t\t\t68. C. Debussy: Holdf\u00e9ny (r\u00e9szlet)<br \/>\n\t\t\t69. L. Mozart: Gyermekszimf\u00f3nia<br \/>\n\t\t\t<span style=\"margin-left: 20px\">(r\u00e9szlet)<\/span><br \/>\n\t\t\t70. Bart\u00f3k B\u00e9la: Gyermekeknek I.<br \/>\n\t\t\t<span style=\"margin-left: 20px\">Kis kece l\u00e1nyom<\/span><br \/>\n\t\t\t71. B\u00e1rdos Lajos: T\u00e1bort\u0171zn\u00e9l\n\t\t<\/p>\n\n\n\n\n<p>\n\t\t\tTeljes zeneid\u0151: 56:03\n\t\t<\/p>\n\n\n<\/div>\n\n\n\n\n<div style=\"clear: both;\"><\/div>\n\n\n<\/div>\n\n\n--><\/p>\n","protected":false},"excerpt":{"rendered":"","protected":false},"author":3,"featured_media":0,"parent":646,"menu_order":12,"comment_status":"open","ping_status":"open","template":"","meta":{"footnotes":"","_links_to":"","_links_to_target":""},"class_list":["post-731","page","type-page","status-publish","hentry"],"rttpg_featured_image_url":null,"rttpg_author":{"display_name":"Fenyvesi B\u00e9la","author_link":"https:\/\/szelkialto.hu\/?author=3"},"rttpg_comment":5,"rttpg_category":null,"rttpg_excerpt":null,"_links":{"self":[{"href":"https:\/\/szelkialto.hu\/index.php?rest_route=\/wp\/v2\/pages\/731","targetHints":{"allow":["GET"]}}],"collection":[{"href":"https:\/\/szelkialto.hu\/index.php?rest_route=\/wp\/v2\/pages"}],"about":[{"href":"https:\/\/szelkialto.hu\/index.php?rest_route=\/wp\/v2\/types\/page"}],"author":[{"embeddable":true,"href":"https:\/\/szelkialto.hu\/index.php?rest_route=\/wp\/v2\/users\/3"}],"replies":[{"embeddable":true,"href":"https:\/\/szelkialto.hu\/index.php?rest_route=%2Fwp%2Fv2%2Fcomments&post=731"}],"version-history":[{"count":5,"href":"https:\/\/szelkialto.hu\/index.php?rest_route=\/wp\/v2\/pages\/731\/revisions"}],"predecessor-version":[{"id":4764,"href":"https:\/\/szelkialto.hu\/index.php?rest_route=\/wp\/v2\/pages\/731\/revisions\/4764"}],"up":[{"embeddable":true,"href":"https:\/\/szelkialto.hu\/index.php?rest_route=\/wp\/v2\/pages\/646"}],"wp:attachment":[{"href":"https:\/\/szelkialto.hu\/index.php?rest_route=%2Fwp%2Fv2%2Fmedia&parent=731"}],"curies":[{"name":"wp","href":"https:\/\/api.w.org\/{rel}","templated":true}]}}