{"id":738,"date":"2011-02-23T21:29:44","date_gmt":"2011-02-23T20:29:44","guid":{"rendered":"https:\/\/szelkialto.hu\/wordpress\/?page_id=738"},"modified":"2022-12-07T19:11:25","modified_gmt":"2022-12-07T18:11:25","slug":"magyar-katonadalok-es-enekek-a-xx-szazadbol-2-cd-2000","status":"publish","type":"page","link":"https:\/\/szelkialto.hu\/?page_id=738","title":{"rendered":"MAGYAR KATONADALOK \u00c9S \u00c9NEKEK A XX. SZ\u00c1ZADB\u00d3L (2 CD 2000)"},"content":{"rendered":"<p><!--\n\n\n<div style=\"width: 100%; margin-top: 10px;\">\n\n\n<div style=\"width: 45%; text-align: left; float: left\">\n\n\n<p>\n\t\t\t<img loading=\"lazy\" decoding=\"async\" src=\"images\/magyarkatonadalok.jpg\" width=\"180\" height=\"180\" border=\"1\"\/>\n\t\t<\/p>\n\n\n\n\n<p style=\"margin-top: 40px;\">\n\t\t\t&nbsp;\n\t\t<\/p>\n\n\n\n\n<p>\n\t\t\t<img loading=\"lazy\" decoding=\"async\" src=\"images\/magyarkatonadalok02.jpg\" width=\"180\" height=\"180\" border=\"1\"\/>\n\t\t<\/p>\n\n\n\n\n<p style=\"margin-top: 60px;\">\n\t\t\t&nbsp;\n\t\t<\/p>\n\n\n\n\n<p>\n\t\t\t<img loading=\"lazy\" decoding=\"async\" src=\"images\/magyarkatonadalok03.jpg\" width=\"180\" height=\"180\" border=\"1\"\/>\n\t\t<\/p>\n\n\n\n\n<p style=\"margin-top: 60px;\">\n\t\t\t&nbsp;\n\t\t<\/p>\n\n\n\n\n<p>\n\t\t\t<img loading=\"lazy\" decoding=\"async\" src=\"images\/magyarkatonadalok04.jpg\" width=\"180\" height=\"180\" border=\"1\"\/>\n\t\t<\/p>\n\n\n\n\n<p style=\"margin-top: 60px;\">\n\t\t\t&nbsp;\n\t\t<\/p>\n\n\n\n\n<p>\n\t\t\t<img loading=\"lazy\" decoding=\"async\" src=\"images\/magyarkatonadalok05.jpg\" width=\"180\" height=\"180\" border=\"1\"\/>\n\t\t<\/p>\n\n\n\n\n<p style=\"margin-top: 60px;\">\n\t\t\t&nbsp;\n\t\t<\/p>\n\n\n\n\n<p>\n\t\t\t<img loading=\"lazy\" decoding=\"async\" src=\"images\/magyarkatonadalok06.jpg\" width=\"180\" height=\"180\" border=\"1\"\/>\n\t\t<\/p>\n\n\n\n\n<p style=\"margin-top: 60px;\">\n\t\t\t&nbsp;\n\t\t<\/p>\n\n\n\n\n<p>\n\t\t\t<img loading=\"lazy\" decoding=\"async\" src=\"images\/magyarkatonadalok07.jpg\" width=\"180\" height=\"180\" border=\"1\"\/>\n\t\t<\/p>\n\n\n\n\n<p style=\"margin-top: 60px;\">\n\t\t\t&nbsp;\n\t\t<\/p>\n\n\n\n\n<p>\n\t\t\t<img loading=\"lazy\" decoding=\"async\" src=\"images\/magyarkatonadalok08.jpg\" width=\"180\" height=\"180\" border=\"1\"\/>\n\t\t<\/p>\n\n\n\n\n<p style=\"font-weight: bold;\">\n\t\t\t\u00d6ssze\u00e1ll\u00edtotta:\n\t\t<\/p>\n\n\n\n\n<p style=\"margin-left: 20px; font-style: italic;\">\n\t\t\tCseh Tam\u00e1s \u00e9s P\u00e9terdi P\u00e9ter\n\t\t<\/p>\n\n\n\n\n<p>\n\t\t\tA kiad\u00e1st a <strong>Magyar Millenium Korm\u00e1nybiztos Hivatala<\/strong> t\u00e1mogatta\n\t\t<\/p>\n\n\n\n\n<p>\n\t\t\tA kiad\u00e1s f\u0151 t\u00e1mogat\u00f3ja a <strong>Nemzeti Kultur\u00e1lis \u00d6r\u00f6ks\u00e9g Miniszt\u00e9riuma<\/strong>\n\t\t<\/p>\n\n\n\n\n<p>\n\t\t\tK\u00fcl\u00f6n k\u00f6sz\u00f6net a <strong>Hadt\u00f6rt\u00e9neti M\u0171zeumnak<\/strong>\n\t\t<\/p>\n\n\n\n\n<p>\n\t\t\tA felv\u00e9telek a <strong>ZA-KI Hangst\u00fadi\u00f3ban<\/strong> k\u00e9sz\u00fcltek 2000-ben\n\t\t<\/p>\n\n\n\n\n<p>\n\t\t\tMegjelent: A <strong>Megafilm Kft.<\/strong> gondoz\u00e1s\u00e1ban\n\t\t<\/p>\n\n\n\n\n<p style=\"font-weight: bold;\">\n\t\t\tProducer:\n\t\t<\/p>\n\n\n\n\n<p style=\"margin-left: 20px; font-style: italic;\">\n\t\t\tK\u00e1lomista G\u00e1bor\n\t\t<\/p>\n\n\n\n\n<p style=\"font-weight: bold;\">\n\t\t\tBor\u00edt\u00f3terv:\n\t\t<\/p>\n\n\n\n\n<p style=\"margin-left: 20px; font-style: italic;\">\n\t\t\tNov\u00e1k Erik\n\t\t<\/p>\n\n\n<\/div>\n\n\n\n\n<div style=\"width: 55%; text-align: left; float: right;\">\n\n\n<p style=\"font-weight: bold;\">\n\t\t\tI. CD:\n\t\t<\/p>\n\n\n\n\n<p style=\"font-style: italic;\">\n\t\t\t&nbsp;&nbsp;1. D\u00edszjel<br \/>\n\t\t\t<span style=\"margin-left: 20px\">ea.: Szil\u00e1gyi Levente<\/span><br \/>\n\t\t\t&nbsp;&nbsp;2. Sohase v\u00e9tettem Szeben v\u00e1ros\u00e1nak<br \/>\n\t\t\t<span style=\"margin-left: 20px\">ea.: Kalamajka egy\u00fcttes<\/span><br \/>\n\t\t\t&nbsp;&nbsp;3. El\u0151\u00fczent Ferenc J\u00f3ska<br \/>\n\t\t\t<span style=\"margin-left: 20px\">ea.: Szvor\u00e1k Kati<\/span><br \/>\n\t\t\t&nbsp;&nbsp;4. Mikor megyek Gal\u00edcia fel\u00e9<br \/>\n\t\t\t<span style=\"margin-left: 20px\">ea.: Sz\u00e9les Andr\u00e1s<\/span><br \/>\n\t\t\t&nbsp;&nbsp;<span style=\"color: red; font-style: italic; font-weight: bold;\">5. Sej kicsi vagyok, m\u00e9gis katona<br \/>\n\t\t\t<span style=\"margin-left: 20px\">vagyok<\/span><br \/>\n\t\t\t<span style=\"margin-left: 20px\">Hossz\u00fa g\u0151z\u00f6s \u00e1llott az \u00e1llom\u00e1sra<\/span><br \/>\n\t\t\t<span style=\"margin-left: 20px\">Debrecenben csin\u00e1ltattam palot\u00e1t<\/span><br \/>\n\t\t\t<span style=\"margin-left: 20px\">ea.: Sz\u00e9lki\u00e1lt\u00f3 egy\u00fcttes<\/span><\/span><br \/>\n\t\t\t&nbsp;&nbsp;6. Regutan\u00f3ta<br \/>\n\t\t\t<span style=\"margin-left: 20px\">ea.: Szokolay Bal\u00e1zs<\/span><br \/>\n\t\t\t&nbsp;&nbsp;7. Kis Kat\u00f3<br \/>\n\t\t\t<span style=\"margin-left: 20px\">Szerz\u0151:<\/span><br \/>\n\t\t\t<span style=\"margin-left: 20px\">L\u00e1szl\u00f3 Imre - Dr. Schwetz Elem\u00e9r<\/span><br \/>\n\t\t\t<span style=\"margin-left: 20px\">ea.: Four Fathers egy\u00fcttes<\/span><br \/>\n\t\t\t&nbsp;&nbsp;8. Esik az es\u0151, \u00e1zik a heveder<br \/>\n\t\t\t<span style=\"margin-left: 20px\">ea.: K\u00e1tai Zolt\u00e1n \u00e9s a Heged\u0171s egy\u00fcttes<\/span><br \/>\n\t\t\t&nbsp;&nbsp;9. K\u00f6sz\u00f6n\u00f6m \u00e9desany\u00e1mnak<br \/>\n\t\t\t<span style=\"margin-left: 20px\">ea.: Seb\u0151 Ferenc<\/span><br \/>\n\t\t\t10. Sej, haj, katona se lettem volna soha<br \/>\n\t\t\t<span style=\"margin-left: 20px\">ea.: Heged\u0171s Zolt\u00e1n \u00e9s<\/span><br \/>\n\t\t\t<span style=\"margin-left: 20px\">a Heged\u0171s egy\u00fcttes<\/span><br \/>\n\t\t\t11. V\u00e1gj\u00e1k az erdei utat<br \/>\n\t\t\t<span style=\"margin-left: 20px\">ea.: Palya Be\u00e1ta \u00e9s<\/span><br \/>\n\t\t\t<span style=\"margin-left: 20px\">a Kalamajka egy\u00fcttes<\/span><br \/>\n\t\t\t12. Prinz Eugen indul\u00f3 (r\u00e9szlet)<br \/>\n\t\t\t<span style=\"margin-left: 20px\">ea.: Szil\u00e1gyi Levente \u00e9s Hoffer Tibor<\/span><br \/>\n\t\t\t13. Nem l\u00e1tlak \u00e9n t\u00e9ged t\u00f6bb\u00e9<br \/>\n\t\t\t<span style=\"margin-left: 20px\">(Szerz\u0151: P\u00e1pai Moln\u00e1r K\u00e1lm\u00e1n)<\/span><br \/>\n\t\t\t<span style=\"margin-left: 20px\">ea.: Cseh Tam\u00e1s<\/span><br \/>\n\t\t\t14. Tint\u00e1val \u00edrott t\u00e1bori lev\u00e9l<br \/>\n\t\t\t<span style=\"margin-left: 20px\">(Szerz\u0151: L\u00e1szl\u00f3 Imre - Csala J\u00e1nos)<\/span><br \/>\n\t\t\t<span style=\"margin-left: 20px\">Legyen \u00fagy, mint r\u00e9gen volt<\/span><br \/>\n\t\t\t<span style=\"margin-left: 20px\">Horthy Mikl\u00f3s katon\u00e1ja vagyok<\/span><br \/>\n\t\t\t<span style=\"margin-left: 20px\">(Szerz\u0151: Dr. S\u00e1ndor Jen\u0151)<\/span><br \/>\n\t\t\t<span style=\"margin-left: 20px\">ea.: Bokor J\u00e1nos,<\/span><br \/>\n\t\t\t<span style=\"margin-left: 20px\">Lakatos Mikl\u00f3s \u00e9s cig\u00e1nyzenekara<\/span><br \/>\n\t\t\t15. Piszk\u00e1ld ki<br \/>\n\t\t\t<span style=\"margin-left: 20px\">ea.: Kal\u00e1ka egy\u00fcttes<\/span><br \/>\n\t\t\t16. Figur\u00e1z\u00f3<br \/>\n\t\t\t<span style=\"margin-left: 20px\">ea.: L\u00e1z\u00e1r Zsigmond \u00e9s Kiss Ferenc<\/span><br \/>\n\t\t\t17. 1914-ben<br \/>\n\t\t\t<span style=\"margin-left: 20px\">ea.: Szab\u00f3 D\u00e1niel<\/span><br \/>\n\t\t\t18. H\u00e1zunk el\u0151tt kett\u0151t fordult a kocsi<br \/>\n\t\t\t<span style=\"margin-left: 20px\">ea.: Halmos B\u00e9la<\/span><br \/>\n\t\t\t19. Ell\u0151tt\u00e9k a jobb karomat<br \/>\n\t\t\t<span style=\"margin-left: 20px\">Azt \u00fczent\u00e9k Szerbi\u00e1b\u00f3l<\/span><br \/>\n\t\t\t<span style=\"margin-left: 20px\">\u00cdrtam \u00e9n m\u00e1r a bab\u00e1mnak levelet<\/span><br \/>\n\t\t\t<span style=\"margin-left: 20px\">ea.: Kal\u00e1ka egy\u00fcttes<\/span><br \/>\n\t\t\t20. Somogy megye kell\u0151s k\u00f6zep\u00e9ben<br \/>\n\t\t\t<span style=\"margin-left: 20px\">Szerz\u0151:<\/span><br \/>\n\t\t\t<span style=\"margin-left: 20px\">Dolecsk\u00f3 B\u00e9la - Segesdy L\u00e1szl\u00f3)<\/span><br \/>\n\t\t\t<span style=\"margin-left: 20px\">ea.: Cseh Tam\u00e1s,<\/span><br \/>\n\t\t\t<span style=\"margin-left: 20px\">Lakatos Mikl\u00f3s \u00e9s cig\u00e1nyzenekara<\/span><br \/>\n\t\t\t21. Nagy arany, nagy ez\u00fcst<br \/>\n\t\t\t<span style=\"margin-left: 20px\">(Szerz\u0151: Zerkovitz B\u00e9la - Harmath Imre)<\/span><br \/>\n\t\t\t<span style=\"margin-left: 20px\">ea.: Szacsvay Imre<\/span><br \/>\n\t\t\t<span style=\"color: red; font-style: italic; font-weight: bold;\">22. Sz\u00e1rnya, sz\u00e1rnya, kasz\u00e1rnya belseje<br \/>\n\t\t\t<span style=\"margin-left: 20px\">(Szerz\u0151: Erd\u00e9lyi Mih\u00e1ly)<\/span><br \/>\n\t\t\t<span style=\"margin-left: 20px\">ea.: Cseh Tam\u00e1s, K\u00e1tai Zolt\u00e1n<\/span><br \/>\n\t\t\t<span style=\"margin-left: 20px\">\u00e9s a Sz\u00e9lki\u00e1lt\u00f3 egy\u00fcttes<\/span><\/span><br \/>\n\t\t\t<span style=\"color: red; font-style: italic; font-weight: bold;\">23. Ejt\u0151erny\u0151s indul\u00f3<br \/>\n\t\t\t<span style=\"margin-left: 20px\">(Szerz\u0151: Erd\u00e9lyi Mih\u00e1ly)<\/span><br \/>\n\t\t\t<span style=\"margin-left: 20px\">ea.: Sz\u00e9lki\u00e1lt\u00f3 egy\u00fcttes<\/span><\/span><br \/>\n\t\t\t24. Cig\u00e1nyzen\u00e9t r\u00f6p\u00edt a szell\u0151<br \/>\n\t\t\t<span style=\"margin-left: 20px\">(Szerz\u0151: Seb\u0151 Mikl\u00f3s)<\/span><br \/>\n\t\t\t<span style=\"margin-left: 20px\">ea.: Cseh Tam\u00e1s<\/span><br \/>\n\t\t\t25. Vir\u00e1gos cs\u00e1k\u00f3m<br \/>\n\t\t\t<span style=\"margin-left: 20px\">(Szerz\u0151: Kondor Ern\u0151)<\/span><br \/>\n\t\t\t<span style=\"margin-left: 20px\">ea.: Szacsvay L\u00e1szl\u00f3<\/span><br \/>\n\t\t\t26. Kimegyek a doberd\u00f3i harct\u00e9rre<br \/>\n\t\t\t<span style=\"margin-left: 20px\">ea.: Sz\u00e9les Andr\u00e1s<\/span><br \/>\n\t\t\t27. Fium\u00e9b\u0151l sebes\u00fclve j\u00f6nnek a katon\u00e1k<br \/>\n\t\t\t<span style=\"margin-left: 20px\">ea.: Radv\u00e1nyi Bal\u00e1zs<\/span><br \/>\n\t\t\t<span style=\"color: red; font-style: italic; font-weight: bold;\">28. Csuhaj, ha fel\u00fcl\u00f6k a fekete g\u0151z\u00f6sre<br \/>\n\t\t\t<span style=\"margin-left: 20px\">A g\u0151z\u00f6snek hat kereke<\/span><br \/>\n\t\t\t<span style=\"margin-left: 20px\">ea.: Heged\u0171s egy\u00fcttes,<\/span><br \/>\n\t\t\t<span style=\"margin-left: 20px\">Kal\u00e1ka egy\u00fcttes,<\/span><br \/>\n\t\t\t<span style=\"margin-left: 20px\">Sz\u00e9lki\u00e1lt\u00f3 egy\u00fcttes \u00e9s K\u00e1tai Zolt\u00e1n<\/span><\/span><br \/>\n\t\t\t29. Lef\u00fav\u00e1s<br \/>\n\t\t\t<span style=\"margin-left: 20px\">ea. Szil\u00e1gyi Levente<\/span>\n\t\t<\/p>\n\n\n\n\n<p style=\"font-weight: bold;\">\n\t\t\tII. CD:\n\t\t<\/p>\n\n\n\n\n<p style=\"font-style: italic;\">\n\t\t\t&nbsp;&nbsp;1. Riad\u00f3, sorakoz\u00f3<br \/>\n\t\t\t<span style=\"margin-left: 20px\">ea.: Szil\u00e1gyi Levente<\/span><br \/>\n\t\t\t&nbsp;&nbsp;<span style=\"color: red; font-style: italic; font-weight: bold;\">2. R\u00f3zsa, r\u00f3zsa, bazsar\u00f3zsa<br \/>\n\t\t\t<span style=\"margin-left: 20px\">(Szerz\u0151:<\/span><br \/>\n\t\t\t<span style=\"margin-left: 20px\">Eisemann Mih\u00e1ly - Harmath Imre)<\/span><br \/>\n\t\t\t<span style=\"margin-left: 20px\">Ferenc J\u00f3ska bak\u00e1ja<\/span><br \/>\n\t\t\t<span style=\"margin-left: 20px\">(Szerz\u0151:<\/span><br \/>\n\t\t\t<span style=\"margin-left: 20px\">Gy\u00f6ngy P\u00e1l-B\u00e9keffi Istv\u00e1n-Szil\u00e1gyi I.)<\/span><br \/>\n\t\t\t<span style=\"margin-left: 20px\">32-es baka vagyok \u00e9n<\/span><br \/>\n\t\t\t<span style=\"margin-left: 20px\">(Szerz\u0151: \u00c1brah\u00e1m P\u00e1l - Harmath Imre)<\/span><br \/>\n\t\t\t<span style=\"margin-left: 20px\">ea.: Szacsvay L\u00e1szl\u00f3<\/span><br \/>\n\t\t\t<span style=\"margin-left: 20px\">\u00e9s a Sz\u00e9lki\u00e1lt\u00f3 egy\u00fcttes<\/span><\/span><br \/>\n\t\t\t&nbsp;&nbsp;3. V\u00e1lasz\u00fati katonak\u00eds\u00e9r\u0151<br \/>\n\t\t\t<span style=\"margin-left: 20px\">ea.: Kalamajka egy\u00fcttes<\/span><br \/>\n\t\t\t&nbsp;&nbsp;4. H\u00e1rom esztendeje negyedikbe fordult<br \/>\n\t\t\t<span style=\"margin-left: 20px\">ea.: Palya Be\u00e1ta<\/span><br \/>\n\t\t\t&nbsp;&nbsp;5. Vigy\u00e1zz.jel<br \/>\n\t\t\t<span style=\"margin-left: 20px\">ea.: Szil\u00e1gyi Levente<\/span><br \/>\n\t\t\t&nbsp;&nbsp;<span style=\"color: red; font-style: italic; font-weight: bold;\">6. Fiumei kik\u00f6t\u0151ben \u00e1ll egy hadihaj\u00f3<br \/>\n\t\t\t<span style=\"margin-left: 20px\">Ez a g\u0151z\u00f6s most van indul\u00f3ban<\/span><br \/>\n\t\t\t<span style=\"margin-left: 20px\">ea.: K\u00e1tai Zolt\u00e1n,<\/span><br \/>\n\t\t\t<span style=\"margin-left: 20px\">a Heged\u0171s egy\u00fcttes,<\/span><br \/>\n\t\t\t<span style=\"margin-left: 20px\">a Kal\u00e1ka egy\u00fcttes<\/span><br \/>\n\t\t\t<span style=\"margin-left: 20px\">\u00e9s a Sz\u00e9lki\u00e1lt\u00f3 egy\u00fcttes<\/span><\/span><br \/>\n\t\t\t&nbsp;&nbsp;7. Figur\u00e1z\u00f3<br \/>\n\t\t\t<span style=\"margin-left: 20px\">ea.: L\u00e1z\u00e1r Zsigmond \u00e9s Kiss Ferenc<\/span><br \/>\n\t\t\t&nbsp;&nbsp;8. Nem v\u00e9tettem semmit haz\u00e1m faluj\u00e1nak<br \/>\n\t\t\t<span style=\"margin-left: 20px\">ea.: Szab\u00f3 D\u00e1niel<\/span><br \/>\n\t\t\t&nbsp;&nbsp;9. Ha felmegyek arra a magos nagy hegyre<br \/>\n\t\t\t<span style=\"margin-left: 20px\">ea.: Szvor\u00e1k Kati \u00e9s<\/span><br \/>\n\t\t\t<span style=\"margin-left: 20px\">a Kalamajka egy\u00fcttes<\/span><br \/>\n\t\t\t10. K\u00e1rp\u00e1tokban megf\u00fajt\u00e1k a trombit\u00e1t<br \/>\n\t\t\t<span style=\"margin-left: 20px\">Oroszorsz\u00e1g fel\u00e9 nem tudjuk mi az utat<\/span><br \/>\n\t\t\t<span style=\"margin-left: 20px\">ea.: Sz\u00e9les Andr\u00e1s<\/span><br \/>\n\t\t\t11. Don-kanyarban \u00e1ll egy szomor\u00fa f\u0171zfa<br \/>\n\t\t\t<span style=\"margin-left: 20px\">ea.: Gyenis Katalin \u00e9s<\/span><br \/>\n\t\t\t<span style=\"margin-left: 20px\">a Vujicsics egy\u00fcttes<\/span><br \/>\n\t\t\t12. Valahol Oroszorsz\u00e1gban<br \/>\n\t\t\t<span style=\"margin-left: 20px\">Szerz\u0151:<\/span><br \/>\n\t\t\t<span style=\"margin-left: 20px\">de Fries K\u00e1roly - Horv\u00e1th K\u00e1lm\u00e1n)<\/span><br \/>\n\t\t\t<span style=\"margin-left: 20px\">ea.: Szalay Kriszta \u00e9s Cseh Tam\u00e1s<\/span><br \/>\n\t\t\t13. Im\u00e1hoz<br \/>\n\t\t\t<span style=\"margin-left: 20px\">ea.: Szil\u00e1gyi Levente<\/span><br \/>\n\t\t\t14. Fogoly\u00e9nek<br \/>\n\t\t\t<span style=\"margin-left: 20px\">ea.: Mikl\u00f3sa Erika<\/span><br \/>\n\t\t\t15. Regrutak\u00eds\u00e9r\u0151<br \/>\n\t\t\t<span style=\"margin-left: 20px\">ea.: L\u00e1z\u00e1r Zsigmond \u00e9s Kiss Ferenc<\/span><br \/>\n\t\t\t<span style=\"color: red; font-style: italic; font-weight: bold;\">16. Hull az es\u0151, sejehaj<br \/>\n\t\t\t<span style=\"margin-left: 20px\">Sz\u00e9l viszi messze a fellegeket<\/span><br \/>\n\t\t\t<span style=\"margin-left: 20px\">(Szerz\u0151: P\u00e1pai Moln\u00e1r K\u00e1lm\u00e1n)<\/span><br \/>\n\t\t\t<span style=\"margin-left: 20px\">ea.: Sz\u00e9lki\u00e1lt\u00f3 egy\u00fcttes,<\/span><br \/>\n\t\t\t<span style=\"margin-left: 20px\">Cseh Tam\u00e1s \u00e9s K\u00e1tai Zolt\u00e1n<\/span><\/span><br \/>\n\t\t\t17. Valahol a Dnyeszter partj\u00e1n<br \/>\n\t\t\t<span style=\"margin-left: 20px\">(Szerz\u0151: Kir\u00e1ly Ern\u0151)<\/span><br \/>\n\t\t\t<span style=\"margin-left: 20px\">\u00cdrtam levelet a cs\u00e1sz\u00e1rnak<\/span><br \/>\n\t\t\t<span style=\"margin-left: 20px\">(Szerz\u0151: D\u00f3czy J\u00f3zsef)<\/span><br \/>\n\t\t\t<span style=\"margin-left: 20px\">Mikor engem besoroztak<\/span><br \/>\n\t\t\t<span style=\"margin-left: 20px\">(Szerz\u0151: D\u00f3czy J\u00f3zsef)<\/span><br \/>\n\t\t\t<span style=\"margin-left: 20px\">Hajnalodik, k\u00f6zeleg a reggel<\/span><br \/>\n\t\t\t<span style=\"margin-left: 20px\">ea.: Bokor J\u00e1nos<\/span><br \/>\n\t\t\t<span style=\"margin-left: 20px\">\u00e9s Lakatos Mikl\u00f3s \u00e9s cig\u00e1nyzenekara<\/span><br \/>\n\t\t\t18. Bandik\u00e1m<br \/>\n\t\t\t<span style=\"margin-left: 20px\">Szerz\u0151:<\/span><br \/>\n\t\t\t<span style=\"margin-left: 20px\">Dolecsko B\u00e9la - Segesdy L\u00e1szl\u00f3)<\/span><br \/>\n\t\t\t<span style=\"margin-left: 20px\">ea.: Kov\u00e1ts Kriszta \u00e9s<\/span><br \/>\n\t\t\t<span style=\"margin-left: 20px\">a Four Fathers egy\u00fctes<\/span><br \/>\n\t\t\t<span style=\"color: red; font-style: italic; font-weight: bold;\">19. Szervusztok, l\u00e1nyok<br \/>\n\t\t\t<span style=\"margin-left: 20px\">Szerz\u0151:<\/span><br \/>\n\t\t\t<span style=\"margin-left: 20px\">Czegl\u00e9dy Gyula - Harmath Imre)<\/span><br \/>\n\t\t\t<span style=\"margin-left: 20px\">ea.: Szacsvay L\u00e1szl\u00f3<\/span><br \/>\n\t\t\t<span style=\"margin-left: 20px\">\u00e9s a Sz\u00e9lki\u00e1lt\u00f3 egy\u00fcttes<\/span><\/span><br \/>\n\t\t\t20. Honv\u00e9d \u00e1ll a Hargit\u00e1n<br \/>\n\t\t\t<span style=\"margin-left: 20px\">ea.: Bokor J\u00e1nos<\/span><br \/>\n\t\t\t21. Bajt\u00e1rs, ma m\u00e9g t\u00e1n csak \u00f6t perc az<br \/>\n\t\t\t<span style=\"margin-left: 20px\">\u00e9let<\/span><br \/>\n\t\t\t<span style=\"margin-left: 20px\">(Szerz\u0151: Erd\u00e9lyi Mih\u00e1ly)<\/span><br \/>\n\t\t\t<span style=\"margin-left: 20px\">ea.: Cseh Tam\u00e1s \u00e9s K\u00e1tai Zolt\u00e1n<\/span><br \/>\n\t\t\t<span style=\"color: red; font-style: italic; font-weight: bold;\">22. Sz\u00e1zados \u00far, sejehaj<br \/>\n\t\t\t<span style=\"margin-left: 20px\">Az asz\u00f3di soroz\u00f3ra s\u00fct a nap<\/span><br \/>\n\t\t\t<span style=\"margin-left: 20px\">ea.: Heged\u0171s egy\u00fcttes,<\/span><br \/>\n\t\t\t<span style=\"margin-left: 20px\">Kal\u00e1ka egy\u00fcttes,<\/span><br \/>\n\t\t\t<span style=\"margin-left: 20px\">Sz\u00e9lki\u00e1lt\u00f3 egy\u00fcttes \u00e9s K\u00e1tai Zolt\u00e1n<\/span><\/span><br \/>\n\t\t\t23. Ki\u00f6nt\u00f6tt a Maros vize<br \/>\n\t\t\t<span style=\"margin-left: 20px\">ea.: Seb\u0151 Ferenc<\/span><br \/>\n\t\t\t24. \u00c9desany\u00e1m \u00fagy szeretett<br \/>\n\t\t\t<span style=\"margin-left: 20px\">ea.: F\u00e1bi\u00e1n \u00c9va \u00e9s a Kalamajka egy\u00fcttes<\/span><br \/>\n\t\t\t<span style=\"color: red; font-style: italic; font-weight: bold;\">25. Ha majd egyszer mindny\u00e1jan<br \/>\n\t\t\t<span style=\"margin-left: 20px\">visszaj\u00f6nnek<\/span><br \/>\n\t\t\t<span style=\"margin-left: 20px\">(Szerz\u0151: Szirmai Albert - Em\u0151d Tam\u00e1s)<\/span><br \/>\n\t\t\t<span style=\"margin-left: 20px\">ea.: Mikl\u00f3sa Erika, Cseh Tam\u00e1s,<\/span><br \/>\n\t\t\t<span style=\"margin-left: 20px\">Fily\u00f3 Krisztina, Kal\u00e1ka egy\u00fcttes,<\/span><br \/>\n\t\t\t<span style=\"margin-left: 20px\">Lad\u00e1nyi Zsuzanna, L\u0151rinczi M\u00f3nika,<\/span><br \/>\n\t\t\t<span style=\"margin-left: 20px\">T\u00f6r\u00f6k D\u00f3ra, Zakari\u00e1s N\u00f3ra \u00e9s a<\/span><br \/>\n\t\t\t<span style=\"margin-left: 20px\">Sz\u00e9lki\u00e1lt\u00f3 egy\u00fcttes<\/span><\/span><br \/>\n\t\t\t26. Lemberg mellett van egy kerek erd\u0151<br \/>\n\t\t\t<span style=\"margin-left: 20px\">ea.: Cseh Tam\u00e1s<\/span><br \/>\n\t\t\t27. Takarod\u00f3<br \/>\n\t\t\t<span style=\"margin-left: 20px\">ea.: Szil\u00e1gyi Levente<\/span>\n\t\t<\/p>\n\n\n<\/div>\n\n\n\n\n<div style=\"clear: both;\"><\/div>\n\n\n<\/div>\n\n\n--><\/p>\n","protected":false},"excerpt":{"rendered":"","protected":false},"author":3,"featured_media":0,"parent":646,"menu_order":13,"comment_status":"open","ping_status":"open","template":"","meta":{"footnotes":"","_links_to":"","_links_to_target":""},"class_list":["post-738","page","type-page","status-publish","hentry"],"rttpg_featured_image_url":null,"rttpg_author":{"display_name":"Fenyvesi B\u00e9la","author_link":"https:\/\/szelkialto.hu\/?author=3"},"rttpg_comment":7,"rttpg_category":null,"rttpg_excerpt":null,"_links":{"self":[{"href":"https:\/\/szelkialto.hu\/index.php?rest_route=\/wp\/v2\/pages\/738","targetHints":{"allow":["GET"]}}],"collection":[{"href":"https:\/\/szelkialto.hu\/index.php?rest_route=\/wp\/v2\/pages"}],"about":[{"href":"https:\/\/szelkialto.hu\/index.php?rest_route=\/wp\/v2\/types\/page"}],"author":[{"embeddable":true,"href":"https:\/\/szelkialto.hu\/index.php?rest_route=\/wp\/v2\/users\/3"}],"replies":[{"embeddable":true,"href":"https:\/\/szelkialto.hu\/index.php?rest_route=%2Fwp%2Fv2%2Fcomments&post=738"}],"version-history":[{"count":4,"href":"https:\/\/szelkialto.hu\/index.php?rest_route=\/wp\/v2\/pages\/738\/revisions"}],"predecessor-version":[{"id":4760,"href":"https:\/\/szelkialto.hu\/index.php?rest_route=\/wp\/v2\/pages\/738\/revisions\/4760"}],"up":[{"embeddable":true,"href":"https:\/\/szelkialto.hu\/index.php?rest_route=\/wp\/v2\/pages\/646"}],"wp:attachment":[{"href":"https:\/\/szelkialto.hu\/index.php?rest_route=%2Fwp%2Fv2%2Fmedia&parent=738"}],"curies":[{"name":"wp","href":"https:\/\/api.w.org\/{rel}","templated":true}]}}