{"id":755,"date":"2011-02-23T21:58:05","date_gmt":"2011-02-23T20:58:05","guid":{"rendered":"https:\/\/szelkialto.hu\/wordpress\/?page_id=755"},"modified":"2022-12-07T19:02:49","modified_gmt":"2022-12-07T18:02:49","slug":"a-sor-dicserete-cd-1998","status":"publish","type":"page","link":"https:\/\/szelkialto.hu\/?page_id=755","title":{"rendered":"A S\u00d6R D\u00cdCS\u00c9RETE (CD 1998)"},"content":{"rendered":"<p><!--\n\n\n<div style=\"width: 100%; margin-top: 10px;\">\n\n\n<div style=\"width: 45%; text-align: left; float: left\">\n\n\n<p>\n\t\t\t<img loading=\"lazy\" decoding=\"async\" src=\"images\/asordicserete.jpg\" width=\"180\" height=\"180\" border=\"1\"\/>\n\t\t<\/p>\n\n\n\n\n<p>\n\t\t\t<img loading=\"lazy\" decoding=\"async\" src=\"images\/asordicserete02.jpg\" width=\"180\" height=\"180\" border=\"1\"\/>\n\t\t<\/p>\n\n\n\n\n<p style=\"font-weight: bold;\">\n\t\t\tSzerkesztette:\n\t\t<\/p>\n\n\n\n\n<p id=\"text-normal\" style=\"margin-left: 20px; font-style: italic;\">\n\t\t\tLakner Tam\u00e1s\n\t\t<\/p>\n\n\n\n\n<p style=\"font-weight: bold;\">\n\t\t\tZenei rendez\u0151:\n\t\t<\/p>\n\n\n\n\n<p id=\"text-normal\" style=\"margin-left: 20px; font-style: italic;\">\n\t\t\tDobos L\u00e1szl\u00f3\n\t\t<\/p>\n\n\n\n\n<p style=\"font-weight: bold;\">\n\t\t\t&nbsp;\n\t\t<\/p>\n\n\n\n\n<p style=\"font-weight: bold;\">\n\t\t\t&nbsp;\n\t\t<\/p>\n\n\n\n\n<p>\n\t\t\tEz a lemez a P\u00e9csi S\u00f6rf\u0151zde Rt. alap\u00edt\u00e1s\u00e1nak 150 \u00e9ves \u00e9vfordul\u00f3ja alkalm\u00e1b\u00f3l k\u00e9sz\u00fclt 1998-ban.\n\t\t<\/p>\n\n\n\n\n<p>\n\t\t\tA zenei felv\u00e9telek p\u00e9csi m\u0171v\u00e9szek el\u0151ad\u00e1s\u00e1ban \u00e9s szerkeszt\u00e9s\u00e9ben, p\u00e9csi st\u00fadi\u00f3ban k\u00e9sz\u00fcltek.\n\t\t<\/p>\n\n\n<\/div>\n\n\n\n\n<div style=\"width: 55%; text-align: left; float: right;\">\n\n\n<p style=\"font-weight: bold;\">\n\t\t\tTartalomjegyz\u00e9k:\n\t\t<\/p>\n\n\n\n\n<p id=\"text-normal\" style=\"font-style: italic;\">\n\t\t\t&nbsp;&nbsp;<span style=\"color: red; font-style: italic; font-weight: bold;\">1. R. Burns - We\u00f6res S. - Rozs T.:<br \/>\n\t\t\t<span style=\"margin-left: 20px\">H\u00e1t t\u00f6ltsetek poharat tele<\/span><br \/>\n\t\t\t<span style=\"margin-left: 20px\">Sz\u00e9lki\u00e1lt\u00f3 egy\u00fcttes<\/span><\/span><br \/>\n\t\t\t&nbsp;&nbsp;2. C. M. von Weber - Seb\u0151k G.:<br \/>\n\t\t\t<span style=\"margin-left: 20px\">Ein Bierchen<\/span><br \/>\n\t\t\t<span style=\"margin-left: 20px\">Vad\u00e1szk\u00f3rus<\/span><br \/>\n\t\t\t<span style=\"margin-left: 20px\">a B\u0171v\u00f6s vad\u00e1sz c. oper\u00e1b\u00f3l<\/span><br \/>\n\t\t\t<span style=\"margin-left: 20px\">(arr. Szab\u00f3 Ferenc)<\/span><br \/>\n\t\t\t<span style=\"margin-left: 20px\">Pannon Vol\u00e1n Rt. Bart\u00f3k B\u00e9la F\u00e9rfikar<\/span><br \/>\n\t\t\t<span style=\"margin-left: 20px\">M\u00c9V Koncertf\u00fav\u00f3szenekara,<\/span><br \/>\n\t\t\t<span style=\"margin-left: 20px\">vez.: Lakner Tam\u00e1s<\/span><br \/>\n\t\t\t&nbsp;&nbsp;3. Ice, ice s\u00f6r icce... (D\u00e9l-Dun\u00e1nt\u00fal)<br \/>\n\t\t\t<span style=\"margin-left: 20px\">Zeng\u0151 egy\u00fcttes<\/span><br \/>\n\t\t\t&nbsp;&nbsp;<span style=\"color: red; font-style: italic; font-weight: bold;\">4. R. Burns - We\u00f6res S. - Kereszt\u00e9ny B.:<br \/>\n\t\t\t<span style=\"margin-left: 20px\">Most hoci a sz\u00e1ml\u00e1t<\/span><br \/>\n\t\t\t<span style=\"margin-left: 20px\">Sz\u00e9lki\u00e1lt\u00f3 egy\u00fcttes<\/span><\/span><br \/>\n\t\t\t&nbsp;&nbsp;5. J. H. Schein: Trinklied<br \/>\n\t\t\t<span style=\"margin-left: 20px\">Terpsichore egy\u00fcttes<\/span><br \/>\n\t\t\t<span style=\"margin-left: 20px\">M\u0171v. vez.: Scherer Beatrix<\/span><br \/>\n\t\t\t&nbsp;&nbsp;6. S\u00f6rt iszok \u00e9n nem p\u00e1link\u00e1t...<br \/>\n\t\t\t<span style=\"margin-left: 20px\">(Pal\u00f3cf\u00f6ld)<\/span><br \/>\n\t\t\t<span style=\"margin-left: 20px\">Berecz Andr\u00e1s<\/span><br \/>\n\t\t\t&nbsp;&nbsp;7. Das Schwarzbraune Bier<br \/>\n\t\t\t<span style=\"margin-left: 20px\">Vemender Kvartett<\/span><br \/>\n\t\t\t&nbsp;&nbsp;8. H. Purcell: King Arthur - s\u00f6rdal<br \/>\n\t\t\t<span style=\"margin-left: 20px\">Kuncz L\u00e1szl\u00f3 (\u00e9nek),<\/span><br \/>\n\t\t\t<span style=\"margin-left: 20px\">Varga M\u00e1rta (csembalo)<\/span>,<br \/>\n\t\t\t<span style=\"margin-left: 20px\">Janzs\u00f3 Ildik\u00f3 (cello)<\/span><br \/>\n\t\t\t&nbsp;&nbsp;9. Lendvay K. - R. Burns - Nagy L.: A j\u00f3 s\u00f6r<br \/>\n\t\t\t<span style=\"margin-left: 20px\">POTE-Pannonton K\u00f3rus,<\/span><br \/>\n\t\t\t<span style=\"margin-left: 20px\">vez.: Lakner Tam\u00e1s<\/span><br \/>\n\t\t\t<span style=\"color: red; font-style: italic; font-weight: bold;\">10. R. Burns - Nagy L. - Fenyvesi B.:<br \/>\n\t\t\t<span style=\"margin-left: 20px\">A sk\u00f3t ital<\/span><br \/>\n\t\t\t<span style=\"margin-left: 20px\">Sz\u00e9lki\u00e1lt\u00f3 egy\u00fcttes<\/span><\/span><br \/>\n\t\t\t11. B. Smetana: S\u00f6rdal<br \/>\n\t\t\t<span style=\"margin-left: 20px\">az eladott menyasszony c. oper\u00e1b\u00f3l<br \/>\n\t\t\t<span style=\"margin-left: 20px\">(arr. Szab\u00f3 Ferenc)<\/span><br \/>\n\t\t\t<span style=\"margin-left: 20px\">Haramza L\u00e1szl\u00f3, Stumpf \u00c1rp\u00e1d (\u00e9nek),<\/span><br \/>\n\t\t\t<span style=\"margin-left: 20px\">Pannon Vol\u00e1n Rt. Bart\u00f3k B\u00e9la F\u00e9rfikar,<\/span><br \/>\n\t\t\t<span style=\"margin-left: 20px\">M\u00c9V Koncertf\u00fav\u00f3szenekar,<\/span><br \/>\n\t\t\t<span style=\"margin-left: 20px\">vez.: Szab\u00f3 Ferenc<\/span><br \/>\n\t\t\t12. John Barleycorn - Simply English<br \/>\n\t\t\t<span style=\"margin-left: 20px\">(Andy Rouse, Fenyvesi B\u00e9la)<\/span><br \/>\n\t\t\t13. J. H. Schein: Casus Bibendi<br \/>\n\t\t\t<span style=\"margin-left: 20px\">Ok az iv\u00e1sra<\/span><br \/>\n\t\t\t<span style=\"margin-left: 20px\">POTE Pannonton K\u00f3rus,<\/span><br \/>\n\t\t\t<span style=\"margin-left: 20px\">vez. Lakner Tam\u00e1s<\/span><br \/>\n\t\t\t<span style=\"color: red; font-style: italic; font-weight: bold;\">14. R. Burns - Szab\u00f3 L. - Lakner T.:<br \/>\n\t\t\t<span style=\"margin-left: 20px\">\u00c1rpa Jank\u00f3<\/span><br \/>\n\t\t\t<span style=\"margin-left: 20px\">Sz\u00e9lki\u00e1lt\u00f3 egy\u00fcttes<\/span><\/span><br \/>\n\t\t\t15. Rokonok s\u00f6re... (csuvas nd.)<br \/>\n\t\t\t<span style=\"margin-left: 20px\">Berecz Andr\u00e1s<\/span><br \/>\n\t\t\t16. Lamelecher Lied \"s\u00f6rdal\"<br \/>\n\t\t\t<span style=\"margin-left: 20px\">Kuncz L\u00e1szl\u00f3 (\u00e9nek)<\/span>,<br \/>\n\t\t\t<span style=\"margin-left: 20px\">Varga M\u00e1rta (zongora)<\/span><br \/>\n\t\t\t17. Flotow: M\u00e1rta - Portier Lied \"s\u00f6rdal\"<br \/>\n\t\t\t<span style=\"margin-left: 20px\">Kuncz L\u00e1szl\u00f3 (\u00e9nek),<\/span><br \/>\n\t\t\t<span style=\"margin-left: 20px\">Varga M\u00e1rta (zongora)<\/span><br \/>\n\t\t\t18. Domokosi s\u00f6rkertbe...<br \/>\n\t\t\t<span style=\"margin-left: 20px\">(Cs\u00edkszentdomokos)<\/span><br \/>\n\t\t\t<span style=\"margin-left: 20px\">Berecz Andr\u00e1s<\/span><br \/>\n\t\t\t19. A Story, A story - Simply English<br \/>\n\t\t\t20. Sch\u00f3ber T.: Dal a Szalon S\u00f6rr\u0151l<br \/>\n\t\t\t<span style=\"margin-left: 20px\">UniCum Laude \u00e9nekegy\u00fcttes<\/span><br \/>\n\t\t\t<span style=\"margin-left: 20px\">M\u0171v. vez.: Kutny\u00e1nszky Csaba<\/span><br \/>\n\t\t<\/span><\/p>\n\n\n<\/div>\n\n\n\n\n<div style=\"clear: both;\"><\/div>\n\n\n<\/div>\n\n\n--><\/p>\n","protected":false},"excerpt":{"rendered":"","protected":false},"author":3,"featured_media":0,"parent":646,"menu_order":14,"comment_status":"open","ping_status":"open","template":"","meta":{"footnotes":"","_links_to":"","_links_to_target":""},"class_list":["post-755","page","type-page","status-publish","hentry"],"rttpg_featured_image_url":null,"rttpg_author":{"display_name":"Fenyvesi B\u00e9la","author_link":"https:\/\/szelkialto.hu\/?author=3"},"rttpg_comment":0,"rttpg_category":null,"rttpg_excerpt":null,"_links":{"self":[{"href":"https:\/\/szelkialto.hu\/index.php?rest_route=\/wp\/v2\/pages\/755","targetHints":{"allow":["GET"]}}],"collection":[{"href":"https:\/\/szelkialto.hu\/index.php?rest_route=\/wp\/v2\/pages"}],"about":[{"href":"https:\/\/szelkialto.hu\/index.php?rest_route=\/wp\/v2\/types\/page"}],"author":[{"embeddable":true,"href":"https:\/\/szelkialto.hu\/index.php?rest_route=\/wp\/v2\/users\/3"}],"replies":[{"embeddable":true,"href":"https:\/\/szelkialto.hu\/index.php?rest_route=%2Fwp%2Fv2%2Fcomments&post=755"}],"version-history":[{"count":4,"href":"https:\/\/szelkialto.hu\/index.php?rest_route=\/wp\/v2\/pages\/755\/revisions"}],"predecessor-version":[{"id":4749,"href":"https:\/\/szelkialto.hu\/index.php?rest_route=\/wp\/v2\/pages\/755\/revisions\/4749"}],"up":[{"embeddable":true,"href":"https:\/\/szelkialto.hu\/index.php?rest_route=\/wp\/v2\/pages\/646"}],"wp:attachment":[{"href":"https:\/\/szelkialto.hu\/index.php?rest_route=%2Fwp%2Fv2%2Fmedia&parent=755"}],"curies":[{"name":"wp","href":"https:\/\/api.w.org\/{rel}","templated":true}]}}