{"id":766,"date":"2011-02-23T22:18:38","date_gmt":"2011-02-23T21:18:38","guid":{"rendered":"https:\/\/szelkialto.hu\/wordpress\/?page_id=766"},"modified":"2022-12-07T18:43:54","modified_gmt":"2022-12-07T17:43:54","slug":"tunderkaszino-2-cd-mc-1991","status":"publish","type":"page","link":"https:\/\/szelkialto.hu\/?page_id=766","title":{"rendered":"T\u00dcND\u00c9RKASZIN\u00d3 2. (CD\/MC 1991)"},"content":{"rendered":"<p><!--\n\n\n<div style=\"width: 100%; margin-top: 10px;\">\n\n\n<div style=\"width: 50%; text-align: left; float: left;\"><img loading=\"lazy\" decoding=\"async\" src=\"images\/tunderkaszino2.jpg\" alt=\"\" width=\"180\" height=\"180\" border=\"1\" \/>\n\n\n<p style=\"font-weight: bold; margin-top: 20px;\">El\u0151ad\u00f3k:<\/p>\n\n\n\n\n<p><strong>Eszm\u00e9nyi Vikt\u00f3ria (Proton)<\/strong> - \u00e9nek<br \/> <strong>Mik\u00f3 Istv\u00e1n<\/strong> - \u00e9nek<br \/> <strong>Radv\u00e1nyi Bal\u00e1zs<\/strong> - \u00e9nek<\/p>\n\n\n\n\n<p><span style=\"font-style: italic;\"><br \/> Gallai P\u00e9ter - billenty\u0171s hangszerek<br \/> M\u00f3ricz Mih\u00e1ly - git\u00e1r<br \/> N\u00e9meth Alajos - basszusgit\u00e1r<br \/> N\u00e9meth G\u00e1bor - dob, \u00fct\u0151hangszerek<\/span><\/p>\n\n\n\n\n<p>&nbsp;<\/p>\n\n\n\n\n<p><strong>Sz\u00e9lki\u00e1lt\u00f3 egy\u00fcttes:<\/strong><br \/> <span style=\"font-style: italic;\"><br \/> Lakner Tam\u00e1s - git\u00e1r, vok\u00e1l<br \/>Fenyvesi B\u00e9la - git\u00e1r, tamburica, vok\u00e1l<br \/> Horv\u00e1th J\u00f3zsef - git\u00e1r, vok\u00e1l<br \/> Kereszt\u00e9ny B\u00e9la - vok\u00e1l<br \/> Rozs Tam\u00e1s - \u00e9nek, vok\u00e1l<\/span><\/p>\n\n\n\n\n<p>Belej Ferenc - csell\u00f3<br \/> B\u00f3na J\u00e1nos - heged\u0171<br \/> B\u00fckki M\u00e1ty\u00e1s - heged\u0171<br \/> Geiger Gy\u00f6rgy - trombita<br \/> G\u00e9mesi Katalin - git\u00e1r<br \/> Gryllus D\u00e1niel - citera<br \/> Kov\u00e1cs J\u00f3zsef L\u00e1szl\u00f3 - banjo, dobro<br \/> K\u00f6b\u00e9ny Ida - cimbalom<br \/> P\u00e9terdi Gabriella - fuvola, piccolo, blockfl\u00f6te<br \/> P\u00e9terdi P\u00e9ter - csembal\u00f3, szintetiz\u00e1tor, klarin\u00e9t, t\u00e1rogat\u00f3, xilofon<br \/> Tur\u00e1ni Csaba - oboa, angolk\u00fcrt<br \/> V\u00edgh Lajos - m\u00e9lyheged\u0171<\/p>\n\n\n<\/div>\n\n\n\n\n<div style=\"width: 45%; text-align: left; float: right;\">\n\n\n<p style=\"font-weight: bold;\">A oldal<\/p>\n\n\n\n\n<p style=\"font-style: italic;\">\u00a0\u00a01. A bund\u00e1nak nincs gall\u00e9rja<br \/> \u00a0\u00a0\u00a0\u00a0\u00a0\u00a0Vir\u00e1g\u00e9kn\u00e1l \u00e9g a vil\u00e1g<br \/> \u00a0\u00a0\u00a0\u00a0\u00a0\u00a0Sz\u00e1raz t\u00f3nak nedves partj\u00e1n<br \/> \u00a0\u00a0\u00a0\u00a0\u00a0\u00a0A bund\u00e1nak nincs gall\u00e9rja<br \/> \u00a0\u00a02. Any\u00e1m, \u00e9desany\u00e1m<br \/> \u00a0\u00a03. A kar\u00e1di faluv\u00e9gen<br \/> \u00a0\u00a04. Egyszer egy kir\u00e1lyfi<br \/> \u00a0\u00a05. B\u00fajj, b\u00fajj medve<br \/> \u00a0\u00a06. Szeg\u00e9nyleg\u00e9ny vagyok \u00e9n<br \/> \u00a0\u00a07. Kis kece l\u00e1nyom<\/p>\n\n\n\n\n<p style=\"font-weight: bold;\">B oldal<\/p>\n\n\n\n\n<p style=\"font-style: italic;\">\u00a0\u00a01. Volt nekem egy kecsk\u00e9m<br \/> \u00a0\u00a02. H\u00e1zasodik a motolla<br \/> \u00a0\u00a03. Lajcsi altat\u00f3ja<br \/> \u00a0\u00a04. Aki nem l\u00e9p egyszerre<br \/> \u00a0\u00a0\u00a0\u00a0\u00a0\u00a0Ugyan \u00e9des kom\u00e1masszony<br \/> \u00a0\u00a0\u00a0\u00a0\u00a0\u00a0Aki nem l\u00e9p egyszerre<br \/> \u00a0\u00a05. N\u00e9k\u00fcnk a legszebb ik est\u00e9t<br \/> \u00a0\u00a06. Hol j\u00e1rt\u00e1l b\u00e1r\u00e1nyk\u00e1m?<br \/> \u00a0\u00a07. Szeress r\u00f3zs\u00e1m...<br \/> \u00a0\u00a08. Sz\u00f3lj, s\u00edp sz\u00f3lj<\/p>\n\n\n\n\n<p style=\"font-weight: bold;\">\u00a0<\/p>\n\n\n\n\n<p style=\"font-weight: bold;\">A n\u00e9pdalok sz\u00f6veg\u00e9t, zen\u00e9j\u00e9t feldolgozta:<\/p>\n\n\n\n\n<p style=\"margin-left: 20px; font-style: italic;\">P\u00e9terdi P\u00e9ter<\/p>\n\n\n\n\n<p style=\"font-weight: bold;\">Ford\u00edtotta:<\/p>\n\n\n\n\n<p style=\"margin-left: 20px; font-style: italic;\">Raics Istv\u00e1n - B2<br \/> Husz\u00e1r Kl\u00e1ra - B3<\/p>\n\n\n\n\n<p style=\"font-weight: bold;\">A\/6 sz\u00f6veg\u00e9t, zen\u00e9j\u00e9t feldolgozta \u00e9s a B\/7 zen\u00e9j\u00e9t \u00edrta:<\/p>\n\n\n\n\n<p style=\"margin-left: 20px; font-style: italic;\">P\u00e9terdi Rita<\/p>\n\n\n\n\n<p>Zenei rendez\u0151: <strong>P\u00e9terdi P\u00e9ter<\/strong><br \/> Hangm\u00e9rn\u00f6k: <strong>Zakari\u00e1s Istv\u00e1n<\/strong><br \/> Grafika: <strong>Poszpisek M\u00e1rta<\/strong><br \/> Foto: <strong>Szeg\u0151 Erika<\/strong><\/p>\n\n\n\n\n<p style=\"font-style: italic;\">Fony\u00f3d V\u00e1ros \u00d6nkorm\u00e1nyzat\u00e1nak t\u00e1mogat\u00e1s\u00e1val k\u00e9sz\u00fclt<\/p>\n\n\n<\/div>\n\n\n\n\n<div style=\"clear: both;\">\u00a0<\/div>\n\n\n<\/div>\n\n\n--><\/p>\n","protected":false},"excerpt":{"rendered":"","protected":false},"author":3,"featured_media":0,"parent":646,"menu_order":16,"comment_status":"open","ping_status":"open","template":"","meta":{"footnotes":"","_links_to":"","_links_to_target":""},"class_list":["post-766","page","type-page","status-publish","hentry"],"rttpg_featured_image_url":null,"rttpg_author":{"display_name":"Fenyvesi B\u00e9la","author_link":"https:\/\/szelkialto.hu\/?author=3"},"rttpg_comment":1,"rttpg_category":null,"rttpg_excerpt":null,"_links":{"self":[{"href":"https:\/\/szelkialto.hu\/index.php?rest_route=\/wp\/v2\/pages\/766","targetHints":{"allow":["GET"]}}],"collection":[{"href":"https:\/\/szelkialto.hu\/index.php?rest_route=\/wp\/v2\/pages"}],"about":[{"href":"https:\/\/szelkialto.hu\/index.php?rest_route=\/wp\/v2\/types\/page"}],"author":[{"embeddable":true,"href":"https:\/\/szelkialto.hu\/index.php?rest_route=\/wp\/v2\/users\/3"}],"replies":[{"embeddable":true,"href":"https:\/\/szelkialto.hu\/index.php?rest_route=%2Fwp%2Fv2%2Fcomments&post=766"}],"version-history":[{"count":4,"href":"https:\/\/szelkialto.hu\/index.php?rest_route=\/wp\/v2\/pages\/766\/revisions"}],"predecessor-version":[{"id":4752,"href":"https:\/\/szelkialto.hu\/index.php?rest_route=\/wp\/v2\/pages\/766\/revisions\/4752"}],"up":[{"embeddable":true,"href":"https:\/\/szelkialto.hu\/index.php?rest_route=\/wp\/v2\/pages\/646"}],"wp:attachment":[{"href":"https:\/\/szelkialto.hu\/index.php?rest_route=%2Fwp%2Fv2%2Fmedia&parent=766"}],"curies":[{"name":"wp","href":"https:\/\/api.w.org\/{rel}","templated":true}]}}