{"id":9,"date":"2011-02-14T21:09:17","date_gmt":"2011-02-14T21:09:17","guid":{"rendered":"https:\/\/szelkialto.hu\/wordpress\/?page_id=9"},"modified":"2023-02-02T11:20:06","modified_gmt":"2023-02-02T10:20:06","slug":"koncertszervezoknek","status":"publish","type":"page","link":"https:\/\/szelkialto.hu\/?page_id=9","title":{"rendered":"SZERVEZ\u0150KNEK"},"content":{"rendered":"<div style=\"width: 100%; vertical-align: top; margin-top: 20px;\">\n<p style=\"text-align: justify; vertical-align: top;\">Ezen az oldalon n\u00e9h\u00e1ny Sz\u00e9lki\u00e1lt\u00f3 m\u0171sort szeretn\u00e9nk az \u00e9rdekl\u0151d\u0151k figyelm\u00e9be aj\u00e1nlani. A m\u0171sorokkal kapcsolatos tov\u00e1bbi technikai inform\u00e1ci\u00f3k\u00e9rt, sajt\u00f3fot\u00f3k\u00e9rt, plak\u00e1t\u00e9rt, szervez\u0151i telefonsz\u00e1mok\u00e9rt <a href=\"#techinfo\"><b>kattintson ide<\/b><\/a>!<\/p>\n<div style=\"text-align: left; font-weight: bold; font-size: 14px; color: green; border-top: solid 1px; border-bottom: solid 1px; height: 30px; line-height: 30px;\">\u00a0\u00a0GYERMEKM\u0170SOROK:<\/div>\n<p style=\"text-align: left; font-weight: bold; margin-left: 20px; color: green;\"><img loading=\"lazy\" decoding=\"async\" class=\"alignright wp-image-4428 size-thumbnail\" src=\"https:\/\/szelkialto.hu\/wp-content\/uploads\/bukfenc6-150x148.jpg\" alt=\"\" width=\"150\" height=\"148\" srcset=\"https:\/\/szelkialto.hu\/wp-content\/uploads\/bukfenc6-150x148.jpg 150w, https:\/\/szelkialto.hu\/wp-content\/uploads\/bukfenc6-80x80.jpg 80w\" sizes=\"auto, (max-width: 150px) 100vw, 150px\" \/>BUKFENC<\/p>\n<p style=\"text-align: justify; margin-left: 40px;\">Interakt\u00edv m\u0171sor versekkel, tal\u00e1l\u00f3s k\u00e9rd\u00e9sekkel, versmond\u00e1ssal \u00e9s \u00e9nekl\u00e9ssel 6-12 \u00e9ves kor\u00fa gyerekeknek.<\/p>\n<p style=\"text-align: left; font-weight: bold; margin-left: 20px; color: green;\">SZ\u00c9LKI\u00c1LT\u00d3 DALOK<\/p>\n<p style=\"text-align: justify; margin-left: 40px;\">A Sz\u00e9lki\u00e1lt\u00f3 egy\u00fcttes &#8211; gyermekeknek sz\u00f3l\u00f3 &#8211; lemez\u00e9nek anyaga.<\/p>\n<p style=\"text-align: left; font-weight: bold; margin-left: 20px; color: green;\">VERS \u00c9S DALLAM<\/p>\n<p style=\"text-align: justify; margin-left: 40px;\">Rendhagy\u00f3 irodalom \u00f3ra a 12-18 \u00e9ves koroszt\u00e1lynak, amelynek keret\u00e9ben azt pr\u00f3b\u00e1ljuk bemutatni, hogy mik\u00e9nt alakult a hajdan egym\u00e1s n\u00e9lk\u00fcl, k\u00fcl\u00f6n-k\u00fcl\u00f6n nem is l\u00e9tez\u0151 k\u00e9t m\u0171v\u00e9szeti \u00e1g egy\u00fctt\u00e9l\u00e9se, majd sz\u00e9tv\u00e1l\u00e1sa a k\u00fcl\u00f6nb\u00f6z\u0151 kult\u00far\u00e1kban?<br \/>\nEhhez seg\u00edts\u00e9g\u00fcl h\u00edvjuk a n\u00e9pdalokat, a t\u00e9m\u00e1ba v\u00e1g\u00f3, r\u00e1nk maradt r\u00e9gi k\u00ednai, g\u00f6r\u00f6g le\u00edr\u00e1sokat, <b>Tin\u00f3di Lantos Sebesty\u00e9n<\/b> hist\u00f3ri\u00e1s \u00e9nekeit, <b>Balassi B\u00e1lint<\/b>, <b>Csokonai Vit\u00e9z Mih\u00e1ly<\/b>, <b>Pet\u0151fi S\u00e1ndor<\/b>, <b>Arany J\u00e1nos<\/b>, <b>J\u00f3zsef Attila<\/b> \u00e9s m\u00e1sok verseit, s\u0151t megpr\u00f3b\u00e1lunk a n\u00e9z\u0151kkel k\u00f6z\u00f6sen mi is verset \u00edrni, amelyet azut\u00e1n k\u00f6z\u00f6sen el\u0151 is adunk.<br \/>\nA m\u0171sor utols\u00f3 harmad\u00e1ban pedig igyeksz\u00fcnk megmutatni, hogy mindezeken a hagyom\u00e1nyokon nevelkedve, hogyan pr\u00f3b\u00e1ljuk mi ma &#8211; sok m\u00e1s t\u00e1rsunkkal egy\u00fctt &#8211; \u00e9letben tartani ezt a m\u0171fajt, amelyet \u00e9nekelt versnek neveznek.<\/p>\n<div style=\"text-align: left; font-weight: bold; font-size: 14px; color: green; border-top: solid 1px; border-bottom: solid 1px; line-height: 30px;\">\u00a0\u00a0M\u0170SOROK FELN\u0150TTEKNEK:<\/div>\n<p style=\"text-align: left; font-weight: bold; margin-left: 20px; color: green;\"><img loading=\"lazy\" decoding=\"async\" class=\"alignright wp-image-4431 size-thumbnail\" src=\"https:\/\/szelkialto.hu\/wp-content\/uploads\/vararok-150x133.jpg\" alt=\"\" width=\"150\" height=\"133\" \/>KESER\u00c9DES<\/p>\n<p style=\"text-align: justify; margin-left: 40px;\">V\u00e1logat\u00e1s az egy\u00fcttes els\u0151 &#8211; azonos c\u00edm\u0171 &#8211; lemez\u00e9nek dalaib\u00f3l. A magyar k\u00f6lt\u00e9szet nek\u00fcnk nagyon tetsz\u0151 versei.<\/p>\n<p style=\"text-align: left; font-weight: bold; margin-left: 20px; color: green;\">B\u00daVAL, VIGALOMMAL&#8230;<\/p>\n<p style=\"text-align: justify; margin-left: 40px;\">Az 1998-ban megjelent lemez anyaga, v\u00e1logat\u00e1s a magyar \u00e9s a vil\u00e1girodalom verseib\u0151l.<\/p>\n<p style=\"text-align: left; font-weight: bold; margin-left: 20px; color: green;\">SZABADS\u00c1G, SZERELEM&#8230;<\/p>\n<p style=\"text-align: justify; margin-left: 40px;\">A m\u0171sor a 200 \u00e9ve sz\u00fcletett <b>Pet\u0151fi S\u00e1ndornak<\/b> \u00e9s az 1848-as forradalom \u00e9s szabads\u00e1gharc \u00e9vfordul\u00f3j\u00e1nak \u00e1ll\u00edt eml\u00e9ket, valamint a t\u00e9ma kapcs\u00e1n szemezget\u00fcnk a magyar irodalom gy\u00f6ngyszemeib\u0151l.<\/p>\n<div style=\"text-align: left; font-weight: bold; font-size: 14px; color: green; border-top: solid 1px; border-bottom: solid 1px; line-height: 30px;\">\u00a0\u00a0A BORKULT\u00daR\u00c1VAL KAPCSOLATOS M\u0170SOROK:<\/div>\n<p style=\"text-align: left; font-weight: bold; margin-left: 20px; color: green;\"><img loading=\"lazy\" decoding=\"async\" class=\"alignright wp-image-4433 size-thumbnail\" src=\"https:\/\/szelkialto.hu\/wp-content\/uploads\/hamvas-150x133.jpg\" alt=\"\" width=\"150\" height=\"133\" \/>HYMNUS A BORHOZ<\/p>\n<p style=\"text-align: justify; margin-left: 40px;\">A vil\u00e1g sz\u00e1mos r\u00e9sz\u00e9n mondj\u00e1k, hogy a magyar boriv\u00f3 nemzet. Ezt igazolja a magyar n\u00e9pdalkult\u00far\u00e1ban fellelhet\u0151 sok \u00e9s szebbn\u00e9l-szebb n\u00e9pdal, valamint a magyar k\u00f6lt\u00e9szetben tal\u00e1lhat\u00f3 sok olyan vers, amely a borral, a boriv\u00e1ssal kapcsolatos. \u00c9nekelt versek \u00e9s a magyar folkl\u00f3r legszebb vid\u00e1m bordalai a nemes bor d\u00edcs\u00e9ret\u00e9r\u0151l.<\/p>\n<p style=\"text-align: left; font-weight: bold; margin-left: 20px; color: green;\">HAMVAS B\u00c9LA: A BOR FILOZ\u00d3FI\u00c1JA<\/p>\n<p style=\"text-align: justify; font-style: italic; margin-left: 40px;\">&#8220;&#8230;helyesen bort csak az tud inni, aki m\u00fazsai nevel\u00e9sben r\u00e9szes\u00fclt, \u00e1lland\u00f3an k\u00f6lt\u0151ket olvas, muzsik\u00e1t hallgat \u00e9s k\u00e9pekben gy\u00f6ny\u00f6rk\u00f6dik&#8230;.&#8221; (Hamvas B\u00e9la: A bor filoz\u00f3fi\u00e1ja)<\/p>\n<p style=\"text-align: justify; margin-left: 40px;\">A m\u0171 r\u00e9szletei <b>N\u00e9meth J\u00e1nosnak<\/b>, a P\u00e9csi Nemzeti Sz\u00ednh\u00e1z m\u0171v\u00e9sz\u00e9nek el\u0151ad\u00e1s\u00e1ban hallhat\u00f3k, a dalokat a <b>Sz\u00e9lki\u00e1lt\u00f3<\/b> j\u00e1tssza \u00e9s \u00e9nekeli. V\u00e1logatta \u00e9s sz\u00ednpadra igaz\u00edtotta: <b>B\u00fckk\u00f6sdi L\u00e1szl\u00f3<\/b>.<\/p>\n<div style=\"text-align: left; font-weight: bold; font-size: 14px; color: green; border-top: solid 1px; border-bottom: solid 1px; line-height: 30px;\">\u00a0\u00a0JELES NAPOK:<\/div>\n<p style=\"text-align: left; font-weight: bold; margin-left: 20px; color: green;\"><img loading=\"lazy\" decoding=\"async\" class=\"alignright wp-image-4435 size-thumbnail\" src=\"https:\/\/szelkialto.hu\/wp-content\/uploads\/zenebutik01-150x150.jpg\" alt=\"\" width=\"150\" height=\"150\" srcset=\"https:\/\/szelkialto.hu\/wp-content\/uploads\/zenebutik01-150x150.jpg 150w, https:\/\/szelkialto.hu\/wp-content\/uploads\/zenebutik01-80x80.jpg 80w, https:\/\/szelkialto.hu\/wp-content\/uploads\/zenebutik01-320x320.jpg 320w\" sizes=\"auto, (max-width: 150px) 100vw, 150px\" \/>MI VAN A ZS\u00c1KBAN?<\/p>\n<p style=\"text-align: justify; margin-left: 40px;\">Zen\u00e9s, verses Mikul\u00e1s-v\u00e1r\u00f3 m\u0171sor 4-12 \u00e9ves gyermekeknek \u00e9nekelt versekkel, dalokkal, zen\u00e9s j\u00e1t\u00e9kokkal.<\/p>\n<p style=\"text-align: left; font-weight: bold; margin-left: 20px; color: green;\">SZ\u00c9LKI\u00c1LT\u00d3 KAR\u00c1CSONY<\/p>\n<p style=\"text-align: justify; margin-left: 40px;\">Verses, zen\u00e9s adventi k\u00e9sz\u00fcl\u0151d\u00e9s 4-14 \u00e9ves gyermekeknek.<\/p>\n<p style=\"text-align: left; font-weight: bold; margin-left: 20px; color: green;\">ADVENTI \u00c9NEK<\/p>\n<p style=\"text-align: justify; margin-left: 40px;\">\u00c9nekelt versek, egyh\u00e1zi n\u00e9p\u00e9nekek, kar\u00e1csonyi \u00e9nekek els\u0151sorban feln\u0151tteknek.<\/p>\n<p style=\"text-align: left; font-weight: bold; margin-left: 20px; color: green;\">SZABADS\u00c1G, SZERELEM&#8230;<\/p>\n<p style=\"text-align: justify; margin-left: 40px;\">A m\u0171sor az 1848-as forradalom \u00e9s szabads\u00e1gharc \u00e9vfordul\u00f3j\u00e1nak \u00e9s a kor nagy k\u00f6lt\u0151j\u00e9nek, <b>Pet\u0151fi S\u00e1ndornak<\/b> \u00e1ll\u00edt eml\u00e9ket, valamint a t\u00e9ma kapcs\u00e1n szemezget\u00fcnk a magyar irodalom gy\u00f6ngyszemeib\u0151l.<\/p>\n<\/div>\n<p><a name=\"techinfo\"><\/a><\/p>\n<div style=\"width: 100%; text-align: left;\">\n<ul style=\"text-align: left;\">\n<li><b>Koncert\u00fcgyekben h\u00edvhat\u00f3k:<\/b><br \/>\n<a href=\"mailto:fenyvesi@szelkialto.hu\"><b>Fenyvesi B\u00e9la<\/b><\/a> +36 20 926 0961<br \/>\n<a href=\"mailto:lakner@szelkialto.hu\"><b>Lakner Tam\u00e1s<\/b><\/a> +36 30 994 6380<\/li>\n<li>A koncertjeinken <b>akusztikus hangszereket<\/b> haszn\u00e1lunk.<\/li>\n<li>Mivel nincs saj\u00e1t hanger\u0151s\u00edt\u0151 felszerel\u00e9s\u00fcnk, <b>adott k\u00f6r\u00fclm\u00e9nyek k\u00f6z\u00f6tt<\/b> (gyerekeknek sz\u00f3l\u00f3 koncert eset\u00e9ben mindig, feln\u0151tt koncertek eset\u00e9n 150 f\u00e9r\u0151helyn\u00e9l nagyobb terem, vagy szabadt\u00e9ri koncert) <b>sz\u00fcks\u00e9g\u00fcnk van er\u0151s\u00edt\u00e9sre<\/b>. A let\u00f6lthet\u0151 <b>rider<\/b> &#8211; PDF \u00e1llom\u00e1nyban &#8211; <a href=\"https:\/\/szelkialto.hu\/szervezoknek\/Szelkialto_rider.pdf\"><b>itt tal\u00e1lhat\u00f3<\/b><\/a>.<\/li>\n<li>A koncerthez sz\u00fcks\u00e9ges <b>sz\u00ednpad m\u00e9ret minim\u00e1lisan 10&#215;5 m\u00e9ter<\/b> (de j\u00e1tszottunk m\u00e1r kisebb helyen is).<\/li>\n<li>A sz\u00ednpadon sz\u00fcks\u00e9g\u00fcnk van <b>4 sz\u00e9kre<\/b> \u00e9s egy <b>norm\u00e1l, \u00e1tlagos m\u00e9ret\u0171 asztalra<\/b><\/li>\n<li><b>Sz\u00e9lki\u00e1lt\u00f3 fot\u00f3k<\/b> a koncert <b>rekl\u00e1manyagaihoz<\/b> <a href=\"sajtofotok\/szelkialto01.jpg\"><b>innen<\/b><\/a> \u00e9s <a href=\"sajtofotok\/szelkialto02.jpg\"><b>innen<\/b><\/a> let\u00f6lthet\u0151k.<\/li>\n<\/ul>\n<\/div>\n<div style=\"width: 100%; text-align: center;\">\n<div style=\"width: 50%; text-align: center; vertical-align: middle; float: left;\"><img decoding=\"async\" src=\"images\/koncertkepek03.png\" alt=\"\" width=\"200\" border=\"0\" \/><\/div>\n<div style=\"width: 50%; text-align: center; vertical-align: middle; float: right;\"><img decoding=\"async\" src=\"images\/koncertkepek04.png\" alt=\"\" width=\"200\" border=\"0\" \/><\/div>\n<\/div>\n","protected":false},"excerpt":{"rendered":"<p>Ezen az oldalon n\u00e9h\u00e1ny Sz\u00e9lki\u00e1lt\u00f3 m\u0171sort szeretn\u00e9nk az \u00e9rdekl\u0151d\u0151k figyelm\u00e9be aj\u00e1nlani. A m\u0171sorokkal kapcsolatos tov\u00e1bbi technikai inform\u00e1ci\u00f3k\u00e9rt, sajt\u00f3fot\u00f3k\u00e9rt, plak\u00e1t\u00e9rt, szervez\u0151i telefonsz\u00e1mok\u00e9rt kattintson ide! \u00a0\u00a0GYERMEKM\u0170SOROK: BUKFENC Interakt\u00edv m\u0171sor versekkel, tal\u00e1l\u00f3s k\u00e9rd\u00e9sekkel, versmond\u00e1ssal \u00e9s \u00e9nekl\u00e9ssel 6-12 \u00e9ves kor\u00fa gyerekeknek. SZ\u00c9LKI\u00c1LT\u00d3 DALOK A&#46;&#46;&#46;<\/p>\n","protected":false},"author":3,"featured_media":0,"parent":0,"menu_order":17,"comment_status":"open","ping_status":"open","template":"","meta":{"footnotes":"","_links_to":"","_links_to_target":""},"class_list":["post-9","page","type-page","status-publish","hentry"],"rttpg_featured_image_url":null,"rttpg_author":{"display_name":"Fenyvesi B\u00e9la","author_link":"https:\/\/szelkialto.hu\/?author=3"},"rttpg_comment":3,"rttpg_category":null,"rttpg_excerpt":"Ezen az oldalon n\u00e9h\u00e1ny Sz\u00e9lki\u00e1lt\u00f3 m\u0171sort szeretn\u00e9nk az \u00e9rdekl\u0151d\u0151k figyelm\u00e9be aj\u00e1nlani. A m\u0171sorokkal kapcsolatos tov\u00e1bbi technikai inform\u00e1ci\u00f3k\u00e9rt, sajt\u00f3fot\u00f3k\u00e9rt, plak\u00e1t\u00e9rt, szervez\u0151i telefonsz\u00e1mok\u00e9rt kattintson ide! \u00a0\u00a0GYERMEKM\u0170SOROK: BUKFENC Interakt\u00edv m\u0171sor versekkel, tal\u00e1l\u00f3s k\u00e9rd\u00e9sekkel, versmond\u00e1ssal \u00e9s \u00e9nekl\u00e9ssel 6-12 \u00e9ves kor\u00fa gyerekeknek. SZ\u00c9LKI\u00c1LT\u00d3 DALOK A&#46;&#46;&#46;","_links":{"self":[{"href":"https:\/\/szelkialto.hu\/index.php?rest_route=\/wp\/v2\/pages\/9","targetHints":{"allow":["GET"]}}],"collection":[{"href":"https:\/\/szelkialto.hu\/index.php?rest_route=\/wp\/v2\/pages"}],"about":[{"href":"https:\/\/szelkialto.hu\/index.php?rest_route=\/wp\/v2\/types\/page"}],"author":[{"embeddable":true,"href":"https:\/\/szelkialto.hu\/index.php?rest_route=\/wp\/v2\/users\/3"}],"replies":[{"embeddable":true,"href":"https:\/\/szelkialto.hu\/index.php?rest_route=%2Fwp%2Fv2%2Fcomments&post=9"}],"version-history":[{"count":12,"href":"https:\/\/szelkialto.hu\/index.php?rest_route=\/wp\/v2\/pages\/9\/revisions"}],"predecessor-version":[{"id":5213,"href":"https:\/\/szelkialto.hu\/index.php?rest_route=\/wp\/v2\/pages\/9\/revisions\/5213"}],"wp:attachment":[{"href":"https:\/\/szelkialto.hu\/index.php?rest_route=%2Fwp%2Fv2%2Fmedia&parent=9"}],"curies":[{"name":"wp","href":"https:\/\/api.w.org\/{rel}","templated":true}]}}