{"id":968,"date":"2011-03-06T19:27:09","date_gmt":"2011-03-06T19:27:09","guid":{"rendered":"https:\/\/szelkialto.hu\/?page_id=968"},"modified":"2022-12-11T17:48:07","modified_gmt":"2022-12-11T16:48:07","slug":"bukkosdi-laszlo","status":"publish","type":"page","link":"https:\/\/szelkialto.hu\/?page_id=968","title":{"rendered":"B\u00dcKK\u00d6SDI L\u00c1SZL\u00d3"},"content":{"rendered":"<p><!--\n\n\n<div style=\"width: 100%; text-align: justify;\"><img loading=\"lazy\" decoding=\"async\" class=\"alignright\" style=\"margin-left: 5px; margin-right: 5px; border: 1px solid black;\" src=\"https:\/\/szelkialto.hu\/wp-content\/uploads\/bukkosdi_laci.jpg\" alt=\"B\u00fckk\u00f6sdi L\u00e1szl\u00f3\" width=\"157\" height=\"200\" \/>\n\n\n<p style=\"font-size: medium;\"><strong>TV-rendez\u0151, \u00fajs\u00e1g\u00edr\u00f3<\/strong><\/p>\n\n\n\n<\/div>\n\n\n\n\n<div style=\"width: 100%; text-align: justify;\">\n\n<strong>Laci S\u00e1sdon sz\u00fcletett 1939. m\u00e1rcius 20-\u00e1n \u00e9s P\u00e9csett hunyt el 2004. szeptember 2-\u00e1n.<\/strong>\n\n<\/div>\n\n\n\n\n<div style=\"width: 100%; text-align: justify;\">A bar\u00e1tunk \u00e9s bizonyos tekintetben a mester\u00fcnk is volt. P\u00e1ly\u00e1nk kezdet\u00e9n nagy figyelmet ford\u00edtott a munk\u00e1nkra, els\u0151 filmjeink elk\u00e9sz\u00fclt\u00e9t a Magyar Telev\u00edzi\u00f3 P\u00e9csi St\u00fadi\u00f3j\u00e1ban neki k\u00f6sz\u00f6nhetj\u00fck.\n\n<\/div>\n\n\n\n\n<div style=\"width: 100%; text-align: justify;\"><strong>Tanulm\u00e1nyai:<\/strong>\n\n\n<p style=\"padding-left: 10px;\">\u2022 ELTE B\u00f6lcs\u00e9szettudom\u00e1nyi Kar, magyar-n\u00e9pm\u0171vel\u00e9s (1972-1977)<\/p>\n\n\n<strong>Munkahelyei:<\/strong>\n\n\n<p style=\"padding-left: 10px;\">\u2022 Magyar Telev\u00edzi\u00f3 (1976-1996)\n\u2022 P\u00e9csi Kultur\u00e1lis K\u00f6zpont (1996-2004)<\/p>\n\n\nA Magyar Telev\u00edzi\u00f3 P\u00e9csi K\u00f6rzeti St\u00fadi\u00f3j\u00e1nak Alap\u00edt\u00f3 tagja. A telev\u00edzi\u00f3hoz ker\u00fcl\u00e9se el\u0151tt volt \u00fajs\u00e1g\u00edr\u00f3, k\u00f6nyvt\u00e1ros, n\u00e9pm\u0171vel\u0151, ur\u00e1nb\u00e1ny\u00e1sz, z\u00f6lds\u00e9grakt\u00e1ros, sz\u00ednh\u00e1zi f\u0151titk\u00e1r.\n\nA rendez\u00e9s mellett szerkeszt\u0151k\u00e9nt \u00e9s riporterk\u00e9nt is dolgozott. Rendezett irodalmi m\u0171sort, b\u00e1bsz\u00ednh\u00e1zat, pantomimet, pr\u00f3zai \u00e9s zen\u00e9s sz\u00ednh\u00e1zat, b\u00e1rm\u0171sort.\n\n<strong>T\u00e9v\u00e9j\u00e1t\u00e9kai nagy sikert arattak P\u00e9csett:<\/strong>\n\n\n<p style=\"padding-left: 10px;\">\u2022 Kosztol\u00e1nyi: Csoda (t\u00e9v\u00e9j\u00e1t\u00e9k, op.: Kov\u00e1cs S\u00e1ndor \u2013 1985)\n\u2022 Sz\u0151nyi Erzs\u00e9bet: Diderg\u0151 kir\u00e1ly (meseopera, op.: H\u00e1da S\u00e1ndor)\n\u2022 Mozart: Falusi muzsikusok\n\u2022 \u00d6rk\u00e9ny: Bor\u00e9k\n\u2022 Bencze J\u00e1nos: Rendszerv\u00e1lt\u00e1s Pagony\u00e1n (1993)<\/p>\n\n\nT\u00f6bb mint 300 tv-m\u0171sor l\u00e9trehoz\u00e1s\u00e1ban vett r\u00e9szt. \u00c1rp\u00e1dkori templomok, a n\u00e9pi \u00e9p\u00edt\u00e9szet remekei, p\u00e9csi sz\u00edn\u00e9szek \u00e9s fest\u0151k portr\u00e9i, \u00edr\u00f3 \u00e9s tud\u00f3sportr\u00e9k f\u0171z\u0151dnek a nev\u00e9hez: Csorba Gy\u0151z\u0151, Faludy L\u00e1szl\u00f3, Mester Istv\u00e1n, P\u00e9ter Gizi, N. Szab\u00f3 S\u00e1ndor, Erd\u0151s J\u00e1nos, Keser\u0171 Ilona, Szatyor Gy\u0151z\u0151, Vany\u00far Istv\u00e1n, H\u00e1mori J\u00f3zsef, Ecsedy Istv\u00e1n, stb.\n\nB\u00e1bdarabjai jap\u00e1nul \u00e9s n\u00e9met\u00fcl is megjelentek, t\u00f6bb hazai b\u00e1bsz\u00ednh\u00e1z j\u00e1tszotta \u0151ket. M\u0171v\u00e9szetkritik\u00e1kat, t\u00e1rc\u00e1kat \u00e9s f\u0151z\u00e9si recepteket is \u00edrt. A Dun\u00e1nt\u00fali Napl\u00f3 szombati sz\u00e1maiban megjelent t\u00e1rc\u00e1ib\u00f3l k\u00e9t k\u00f6tet is megjelent. P\u00e9cs v\u00e1ros\u00e1nak megker\u00fclhetetlen szem\u00e9lyis\u00e9ge volt, hal\u00e1lakor a v\u00e1ros saj\u00e1t halottj\u00e1nak tekintette.\n\n<strong>Telev\u00edzi\u00f3s munk\u00e1ib\u00f3l:<\/strong>\n\n\n<p style=\"padding-left: 10px;\">\u2022 Et\u0171d\u00f6k k\u00e9kben, Uhrik D\u00f3ra show (1977) szerk.: B\u00fckk\u00f6sdi L\u00e1szl\u00f3, rend.: Eck Imre\n\u2022 Liszt Szeksz\u00e1rdon (1978) op.: B\u00e1r\u00e1ny Gy\u00f6rgy\n\u2022 Marczis Demeter portr\u00e9 (1979) op.: H\u00e1da S\u00e1ndor\n\u2022 We\u00f6res S\u00e1ndor P\u00e9csett (1979) op.: H\u00e1da S\u00e1ndor\n\u2022 Zen\u00e9s besz\u00e9lget\u00e9s Kuncz L\u00e1szl\u00f3val (1979) op.: Lajtay Gy\u00f6rgy\n\u2022 Irodalmi barangol\u00e1sok - Baranya, Tolna, Somogy (1980) rend.: Babiczky L\u00e1szl\u00f3\n\u2022 Zeneakad\u00e9mi\u00e1t\u00f3l a karav\u00e1nszer\u00e1jig, Kersics Anka (1980) op.: B\u00e1r\u00e1ny Gy\u00f6rgy\n\u2022 N\u00e9prajzi t\u00e1bor Magyarlukaf\u00e1n (1980) op.: Lajtai Gy\u00f6rgy, szerk.: H\u00e1rs\u00e1gyi Margit\n\u2022 P\u00e9csi szvit, Mecsek F\u00fav\u00f3s\u00f6t\u00f6s bemutat\u00e1sa (1980) op.: H\u00e1da S\u00e1ndor\n\u2022 Pirosra k\u00e9ket, Simon B\u00e9la portr\u00e9 (1980) op.: H\u00e1da S\u00e1ndor\n\u2022 Rosner Gyula r\u00e9g\u00e9sz (1980) op.: P\u00e1lfy Istv\u00e1n\n\u2022 R\u00f3zsav\u00e9rtben, Galambosi L\u00e1szl\u00f3 versei (1981) op.: P\u00e1lfy Istv\u00e1n\n\u2022 Vacsoracsillag, B\u00e1rdosi N\u00e9meth J\u00e1nos portr\u00e9 (1981) op.: P\u00e1lfy Istv\u00e1n\n\u2022 F\u00e9l kors\u00f3 hi\u00e1ny \u2013 n\u00e9gy fiatal k\u00f6lt\u0151 (1981), op.: P\u00e1lfy Istv\u00e1n\n\u2022 Az \u0151cs\u00e9nyi hegy alatt, s\u00e1rk\u00f6zi n\u00e9pdalok (1981) op.: H\u00e1da S\u00e1ndor\n\u2022 Morgenstern: Akaszt\u00f3fa dalok (1982) op.: P\u00e1lfy Istv\u00e1n\n\u2022 A magyar kir\u00e1lyn\u0151 dala \u2013 magyarorsz\u00e1gi n\u00e9metek zen\u00e9je (1982)\n\u2022 Kapos v\u00f6lgye (1983) op.: H\u00e1da S\u00e1ndor\n\u2022 Vargabet\u0171k, P\u00e1kolitz Istv\u00e1n portr\u00e9 (1983) op.: P\u00e1lfy Istv\u00e1n\n\u2022 Belepasszolok a b\u0151r\u00f6mbe, Bencsik Istv\u00e1n (1984) op.: P\u00e1lfy Istv\u00e1n\n\u2022 Folyamatos jelenl\u00e9t, Matyn Ferenc 85 \u00e9ves (1984) op.: P\u00e1lfy Istv\u00e1n\n\u2022 Szelet kiab\u00e1lunk, a Sz\u00e9lki\u00e1lt\u00f3 Egy\u00fcttes (1984) op.: P\u00e1lfy Istv\u00e1n\n\u2022 H\u00e9t k\u00edv\u00e1ns\u00e1g, Makay Ida versei (1985) op.: P\u00e1lfy Istv\u00e1n\n\u2022 H\u00e1t \u00f6rd\u00f6g b\u00fajt bel\u00e9m, Cs\u00e1ky \u00c1gi \u00e9s bar\u00e1tai (1987) op.: Kok\u00e1ny Zolt\u00e1n\n\u2022 Sz\u0151l\u0151tapos\u00f3, Szabadi Mih\u00e1ly t\u00e1ncai (1987) op.: P\u00e1lfy Istv\u00e1n\n\u2022 Bukfenc, a Sz\u00e9lki\u00e1lt\u00f3 gyermekm\u0171sora (1988) op.: K\u00f3k\u00e1ny Zolt\u00e1n\n\u2022 Kelle S\u00e1ndor portr\u00e9 (1990) op.: Szondi Imre\n\u2022 Bert\u00f3k L\u00e1szl\u00f3 (1994) m\u0171sorv.: B\u00fckk\u00f6sdi L\u00e1szl\u00f3, op.: P\u00e1lfy Istv\u00e1n\n\u2022 F\u00e9l \u00f3ra Pinczehelyi S\u00e1ndorral (1994) op.: Horv\u00e1th Norbert\n\u2022 Ketten, Eck-Kod\u00e1ly: Szon\u00e1ta szerk.: B\u00fckk\u00f6sdi L\u00e1szl\u00f3, rend.: Bednai N\u00e1ndor\n\u2022 M\u00e9ly folyam, a Koml\u00f3i Spiritu\u00e1l\u00e9 Egy\u00fcttes \u2013 op.: H\u00e1da S\u00e1ndor<\/p>\n\n\n<strong>Publik\u00e1ci\u00f3i:<\/strong>\n\n\n<p style=\"padding-left: 10px;\">\u2022 Szeress\u00e9tek a macsk\u00e1t! (2003) Pro Pannonia Kiad\u00f3\n\u2022 Egy \u00f6regember eml\u00e9kiratai (2004) Alexandra Kiad\u00f3<\/p>\n\n\n<strong>D\u00edjai, kit\u00fcntet\u00e9sei:<\/strong>\n\n\n<p style=\"padding-left: 10px;\">\u2022 SZOT-d\u00edj\n\u2022 MTV - N\u00edv\u00f3d\u00edjak\n\u2022 P\u00e9cs K\u00f6zm\u0171vel\u0151d\u00e9s\u00e9\u00e9rt d\u00edj\n\u2022 Babits Eml\u00e9kplakett (Szeksz\u00e1rd)\n\u2022 P\u00e9csi Sajt\u00f3d\u00edj\n\u2022 Baranya megyei K\u00f6zm\u0171vel\u0151d\u00e9si d\u00edj\n\u2022 P\u00e9cs V\u00e1ros K\u00f6zm\u0171vel\u0151d\u00e9si d\u00edj\n\u2022 P\u00e9csi Polg\u00e1rd\u00edj<\/p>\n\n\nForr\u00e1s: Ki kicsoda, csal\u00e1di adatk\u00f6zl\u00e9s, ISIS, Babiczk\n\n<\/div>\n\n\n--><\/p>\n","protected":false},"excerpt":{"rendered":"","protected":false},"author":3,"featured_media":1144,"parent":970,"menu_order":7,"comment_status":"open","ping_status":"open","template":"","meta":{"footnotes":"","_links_to":"","_links_to_target":""},"class_list":["post-968","page","type-page","status-publish","has-post-thumbnail","hentry"],"rttpg_featured_image_url":{"full":["https:\/\/szelkialto.hu\/wp-content\/uploads\/bukkosdi_laci.jpg",157,200,false],"landscape":["https:\/\/szelkialto.hu\/wp-content\/uploads\/bukkosdi_laci.jpg",157,200,false],"portraits":["https:\/\/szelkialto.hu\/wp-content\/uploads\/bukkosdi_laci.jpg",157,200,false],"thumbnail":["https:\/\/szelkialto.hu\/wp-content\/uploads\/bukkosdi_laci-150x150.jpg",150,150,true],"medium":["https:\/\/szelkialto.hu\/wp-content\/uploads\/bukkosdi_laci.jpg",157,200,false],"large":["https:\/\/szelkialto.hu\/wp-content\/uploads\/bukkosdi_laci.jpg",157,200,false],"1536x1536":["https:\/\/szelkialto.hu\/wp-content\/uploads\/bukkosdi_laci.jpg",157,200,false],"2048x2048":["https:\/\/szelkialto.hu\/wp-content\/uploads\/bukkosdi_laci.jpg",157,200,false],"thumb-small":["https:\/\/szelkialto.hu\/wp-content\/uploads\/bukkosdi_laci.jpg",63,80,false],"thumb-standard":["https:\/\/szelkialto.hu\/wp-content\/uploads\/bukkosdi_laci.jpg",157,200,false],"thumb-medium":["https:\/\/szelkialto.hu\/wp-content\/uploads\/bukkosdi_laci.jpg",157,200,false],"thumb-large":["https:\/\/szelkialto.hu\/wp-content\/uploads\/bukkosdi_laci.jpg",157,200,false],"thumb-xlarge":["https:\/\/szelkialto.hu\/wp-content\/uploads\/bukkosdi_laci.jpg",157,200,false],"thumb-xxlarge":["https:\/\/szelkialto.hu\/wp-content\/uploads\/bukkosdi_laci.jpg",157,200,false]},"rttpg_author":{"display_name":"Fenyvesi B\u00e9la","author_link":"https:\/\/szelkialto.hu\/?author=3"},"rttpg_comment":0,"rttpg_category":null,"rttpg_excerpt":null,"_links":{"self":[{"href":"https:\/\/szelkialto.hu\/index.php?rest_route=\/wp\/v2\/pages\/968","targetHints":{"allow":["GET"]}}],"collection":[{"href":"https:\/\/szelkialto.hu\/index.php?rest_route=\/wp\/v2\/pages"}],"about":[{"href":"https:\/\/szelkialto.hu\/index.php?rest_route=\/wp\/v2\/types\/page"}],"author":[{"embeddable":true,"href":"https:\/\/szelkialto.hu\/index.php?rest_route=\/wp\/v2\/users\/3"}],"replies":[{"embeddable":true,"href":"https:\/\/szelkialto.hu\/index.php?rest_route=%2Fwp%2Fv2%2Fcomments&post=968"}],"version-history":[{"count":3,"href":"https:\/\/szelkialto.hu\/index.php?rest_route=\/wp\/v2\/pages\/968\/revisions"}],"predecessor-version":[{"id":5165,"href":"https:\/\/szelkialto.hu\/index.php?rest_route=\/wp\/v2\/pages\/968\/revisions\/5165"}],"up":[{"embeddable":true,"href":"https:\/\/szelkialto.hu\/index.php?rest_route=\/wp\/v2\/pages\/970"}],"wp:featuredmedia":[{"embeddable":true,"href":"https:\/\/szelkialto.hu\/index.php?rest_route=\/wp\/v2\/media\/1144"}],"wp:attachment":[{"href":"https:\/\/szelkialto.hu\/index.php?rest_route=%2Fwp%2Fv2%2Fmedia&parent=968"}],"curies":[{"name":"wp","href":"https:\/\/api.w.org\/{rel}","templated":true}]}}